{"id":239,"date":"2020-05-06T02:27:42","date_gmt":"2020-05-06T02:27:42","guid":{"rendered":"http:\/\/sulmedia.pt\/?page_id=239"},"modified":"2024-09-27T22:29:44","modified_gmt":"2024-09-27T22:29:44","slug":"clientes","status":"publish","type":"page","link":"https:\/\/www.sulmedia.pt\/zh\/clientes\/","title":{"rendered":"\u5ba2\u6237\u7fa4"},"content":{"rendered":"\n<p>Sul Media\u5b58\u5728\u4e8e\u5e7f\u6cdb\u7684\u591a\u5a92\u4f53\u5185\u5bb9\u4e2d\uff0c\u8461\u8404\u7259\u89c6\u542c\u5e02\u573a\u7684\u4e3b\u8981\u53c2\u4e0e\u8005\u4ee5\u53ca\u6765\u81ea\u6b27\u6d32\u5927\u9646\u7684\u7236\u6bcd\uff0c\u7535\u89c6\u53f0\u548c\u6d3b\u52a8\u7684\u5236\u4f5c\u8005\u90fd\u53ef\u4ee5\u770b\u5230Sul Media\u3002<\/p>\n\n\n\n<figure class=\"wp-block-gallery has-nested-images columns-default wp-block-gallery-1 is-layout-flex wp-block-gallery-is-layout-flex\">\n<figure class=\"wp-block-image size-large\"><img loading=\"lazy\" decoding=\"async\" width=\"675\" height=\"588\" data-id=\"262\" src=\"http:\/\/www.sulmedia.pt\/wp-content\/uploads\/2020\/05\/cliente3.png\" alt=\"\" class=\"wp-image-262\" srcset=\"https:\/\/www.sulmedia.pt\/wp-content\/uploads\/2020\/05\/cliente3.png 675w, https:\/\/www.sulmedia.pt\/wp-content\/uploads\/2020\/05\/cliente3-300x261.png 300w\" sizes=\"auto, (max-width: 675px) 100vw, 675px\" \/><\/figure>\n\n\n\n<figure class=\"wp-block-image size-large\"><img loading=\"lazy\" decoding=\"async\" width=\"675\" height=\"588\" data-id=\"264\" src=\"http:\/\/www.sulmedia.pt\/wp-content\/uploads\/2020\/05\/cliente5.png\" alt=\"\" class=\"wp-image-264\" srcset=\"https:\/\/www.sulmedia.pt\/wp-content\/uploads\/2020\/05\/cliente5.png 675w, https:\/\/www.sulmedia.pt\/wp-content\/uploads\/2020\/05\/cliente5-300x261.png 300w\" sizes=\"auto, (max-width: 675px) 100vw, 675px\" \/><\/figure>\n\n\n\n<figure class=\"wp-block-image size-large\"><img loading=\"lazy\" decoding=\"async\" width=\"675\" height=\"588\" data-id=\"265\" src=\"http:\/\/www.sulmedia.pt\/wp-content\/uploads\/2020\/05\/cliente6.png\" alt=\"\" class=\"wp-image-265\" srcset=\"https:\/\/www.sulmedia.pt\/wp-content\/uploads\/2020\/05\/cliente6.png 675w, https:\/\/www.sulmedia.pt\/wp-content\/uploads\/2020\/05\/cliente6-300x261.png 300w\" sizes=\"auto, (max-width: 675px) 100vw, 675px\" \/><\/figure>\n\n\n\n<figure class=\"wp-block-image size-large\"><img loading=\"lazy\" decoding=\"async\" width=\"130\" height=\"130\" data-id=\"540\" src=\"http:\/\/www.sulmedia.pt\/wp-content\/uploads\/2023\/06\/ifp.jpeg\" alt=\"\" class=\"wp-image-540\" srcset=\"https:\/\/www.sulmedia.pt\/wp-content\/uploads\/2023\/06\/ifp.jpeg 130w, https:\/\/www.sulmedia.pt\/wp-content\/uploads\/2023\/06\/ifp-100x100.jpeg 100w\" sizes=\"auto, (max-width: 130px) 100vw, 130px\" \/><\/figure>\n\n\n\n<figure class=\"wp-block-image size-large\"><img loading=\"lazy\" decoding=\"async\" width=\"675\" height=\"588\" data-id=\"454\" src=\"http:\/\/www.sulmedia.pt\/wp-content\/uploads\/2020\/07\/clientemarialvas-5.png\" alt=\"\" class=\"wp-image-454\" srcset=\"https:\/\/www.sulmedia.pt\/wp-content\/uploads\/2020\/07\/clientemarialvas-5.png 675w, https:\/\/www.sulmedia.pt\/wp-content\/uploads\/2020\/07\/clientemarialvas-5-300x261.png 300w\" sizes=\"auto, (max-width: 675px) 100vw, 675px\" \/><\/figure>\n\n\n\n<figure class=\"wp-block-image size-large\"><img loading=\"lazy\" decoding=\"async\" width=\"675\" height=\"588\" data-id=\"267\" src=\"http:\/\/www.sulmedia.pt\/wp-content\/uploads\/2020\/05\/cliente8.png\" alt=\"\" class=\"wp-image-267\" srcset=\"https:\/\/www.sulmedia.pt\/wp-content\/uploads\/2020\/05\/cliente8.png 675w, https:\/\/www.sulmedia.pt\/wp-content\/uploads\/2020\/05\/cliente8-300x261.png 300w\" sizes=\"auto, (max-width: 675px) 100vw, 675px\" \/><\/figure>\n\n\n\n<figure class=\"wp-block-image size-large\"><img loading=\"lazy\" decoding=\"async\" width=\"675\" height=\"588\" data-id=\"263\" src=\"http:\/\/www.sulmedia.pt\/wp-content\/uploads\/2020\/05\/cliente4.png\" alt=\"\" class=\"wp-image-263\" srcset=\"https:\/\/www.sulmedia.pt\/wp-content\/uploads\/2020\/05\/cliente4.png 675w, https:\/\/www.sulmedia.pt\/wp-content\/uploads\/2020\/05\/cliente4-300x261.png 300w\" sizes=\"auto, (max-width: 675px) 100vw, 675px\" \/><\/figure>\n\n\n\n<figure class=\"wp-block-image size-large\"><img loading=\"lazy\" decoding=\"async\" width=\"675\" height=\"588\" data-id=\"270\" src=\"http:\/\/www.sulmedia.pt\/wp-content\/uploads\/2020\/05\/cliente11.png\" alt=\"\" class=\"wp-image-270\" srcset=\"https:\/\/www.sulmedia.pt\/wp-content\/uploads\/2020\/05\/cliente11.png 675w, https:\/\/www.sulmedia.pt\/wp-content\/uploads\/2020\/05\/cliente11-300x261.png 300w\" sizes=\"auto, (max-width: 675px) 100vw, 675px\" \/><\/figure>\n\n\n\n<figure class=\"wp-block-image size-large\"><img loading=\"lazy\" decoding=\"async\" width=\"675\" height=\"588\" data-id=\"268\" src=\"http:\/\/www.sulmedia.pt\/wp-content\/uploads\/2020\/05\/cliente9.png\" alt=\"\" class=\"wp-image-268\" srcset=\"https:\/\/www.sulmedia.pt\/wp-content\/uploads\/2020\/05\/cliente9.png 675w, https:\/\/www.sulmedia.pt\/wp-content\/uploads\/2020\/05\/cliente9-300x261.png 300w\" sizes=\"auto, (max-width: 675px) 100vw, 675px\" \/><\/figure>\n\n\n\n<figure class=\"wp-block-image size-large\"><img loading=\"lazy\" decoding=\"async\" width=\"675\" height=\"588\" data-id=\"269\" src=\"http:\/\/www.sulmedia.pt\/wp-content\/uploads\/2020\/05\/cliente-10.png\" alt=\"\" class=\"wp-image-269\" srcset=\"https:\/\/www.sulmedia.pt\/wp-content\/uploads\/2020\/05\/cliente-10.png 675w, https:\/\/www.sulmedia.pt\/wp-content\/uploads\/2020\/05\/cliente-10-300x261.png 300w\" sizes=\"auto, (max-width: 675px) 100vw, 675px\" \/><\/figure>\n\n\n\n<figure class=\"wp-block-image size-large\"><img loading=\"lazy\" decoding=\"async\" width=\"675\" height=\"588\" data-id=\"452\" src=\"http:\/\/www.sulmedia.pt\/wp-content\/uploads\/2020\/07\/clientepombal-6.png\" alt=\"\" class=\"wp-image-452\" srcset=\"https:\/\/www.sulmedia.pt\/wp-content\/uploads\/2020\/07\/clientepombal-6.png 675w, https:\/\/www.sulmedia.pt\/wp-content\/uploads\/2020\/07\/clientepombal-6-300x261.png 300w\" sizes=\"auto, (max-width: 675px) 100vw, 675px\" \/><\/figure>\n\n\n\n<figure class=\"wp-block-image size-large\"><img loading=\"lazy\" decoding=\"async\" width=\"500\" height=\"500\" data-id=\"488\" src=\"http:\/\/www.sulmedia.pt\/wp-content\/uploads\/2022\/07\/cmLoule.jpeg\" alt=\"\" class=\"wp-image-488\" srcset=\"https:\/\/www.sulmedia.pt\/wp-content\/uploads\/2022\/07\/cmLoule.jpeg 500w, https:\/\/www.sulmedia.pt\/wp-content\/uploads\/2022\/07\/cmLoule-300x300.jpeg 300w, https:\/\/www.sulmedia.pt\/wp-content\/uploads\/2022\/07\/cmLoule-150x150.jpeg 150w, https:\/\/www.sulmedia.pt\/wp-content\/uploads\/2022\/07\/cmLoule-100x100.jpeg 100w\" sizes=\"auto, (max-width: 500px) 100vw, 500px\" \/><\/figure>\n\n\n\n<figure class=\"wp-block-image size-large\"><img loading=\"lazy\" decoding=\"async\" width=\"1024\" height=\"710\" data-id=\"538\" src=\"http:\/\/www.sulmedia.pt\/wp-content\/uploads\/2023\/06\/Captura-de-ecra-2023-07-01-as-00.26.20-1-1024x710.png\" alt=\"\" class=\"wp-image-538\" srcset=\"https:\/\/www.sulmedia.pt\/wp-content\/uploads\/2023\/06\/Captura-de-ecra-2023-07-01-as-00.26.20-1-1024x710.png 1024w, https:\/\/www.sulmedia.pt\/wp-content\/uploads\/2023\/06\/Captura-de-ecra-2023-07-01-as-00.26.20-1-300x208.png 300w, https:\/\/www.sulmedia.pt\/wp-content\/uploads\/2023\/06\/Captura-de-ecra-2023-07-01-as-00.26.20-1-768x532.png 768w, https:\/\/www.sulmedia.pt\/wp-content\/uploads\/2023\/06\/Captura-de-ecra-2023-07-01-as-00.26.20-1.png 1076w\" sizes=\"auto, (max-width: 767px) 89vw, (max-width: 1000px) 54vw, (max-width: 1071px) 543px, 580px\" \/><\/figure>\n\n\n\n<figure class=\"wp-block-image size-large\"><img loading=\"lazy\" decoding=\"async\" width=\"675\" height=\"588\" data-id=\"453\" src=\"http:\/\/www.sulmedia.pt\/wp-content\/uploads\/2020\/07\/clientesonsdomarques-5.png\" alt=\"\" class=\"wp-image-453\" srcset=\"https:\/\/www.sulmedia.pt\/wp-content\/uploads\/2020\/07\/clientesonsdomarques-5.png 675w, https:\/\/www.sulmedia.pt\/wp-content\/uploads\/2020\/07\/clientesonsdomarques-5-300x261.png 300w\" sizes=\"auto, (max-width: 675px) 100vw, 675px\" \/><\/figure>\n\n\n\n<figure class=\"wp-block-image size-large\"><img loading=\"lazy\" decoding=\"async\" width=\"675\" height=\"588\" data-id=\"261\" src=\"http:\/\/www.sulmedia.pt\/wp-content\/uploads\/2020\/05\/cliente2.png\" alt=\"\" class=\"wp-image-261\" srcset=\"https:\/\/www.sulmedia.pt\/wp-content\/uploads\/2020\/05\/cliente2.png 675w, https:\/\/www.sulmedia.pt\/wp-content\/uploads\/2020\/05\/cliente2-300x261.png 300w\" sizes=\"auto, (max-width: 675px) 100vw, 675px\" \/><\/figure>\n\n\n\n<figure class=\"wp-block-image size-large\"><img loading=\"lazy\" decoding=\"async\" width=\"675\" height=\"588\" data-id=\"271\" src=\"http:\/\/www.sulmedia.pt\/wp-content\/uploads\/2020\/05\/cliente12.png\" alt=\"\" class=\"wp-image-271\" srcset=\"https:\/\/www.sulmedia.pt\/wp-content\/uploads\/2020\/05\/cliente12.png 675w, https:\/\/www.sulmedia.pt\/wp-content\/uploads\/2020\/05\/cliente12-300x261.png 300w\" sizes=\"auto, (max-width: 675px) 100vw, 675px\" \/><\/figure>\n\n\n\n<figure class=\"wp-block-image size-large\"><img loading=\"lazy\" decoding=\"async\" width=\"675\" height=\"588\" data-id=\"266\" src=\"http:\/\/www.sulmedia.pt\/wp-content\/uploads\/2020\/05\/cliente7.png\" alt=\"\" class=\"wp-image-266\" srcset=\"https:\/\/www.sulmedia.pt\/wp-content\/uploads\/2020\/05\/cliente7.png 675w, https:\/\/www.sulmedia.pt\/wp-content\/uploads\/2020\/05\/cliente7-300x261.png 300w\" sizes=\"auto, (max-width: 675px) 100vw, 675px\" \/><\/figure>\n\n\n\n<figure class=\"wp-block-image size-large\"><img loading=\"lazy\" decoding=\"async\" width=\"1024\" height=\"481\" data-id=\"492\" src=\"http:\/\/www.sulmedia.pt\/wp-content\/uploads\/2022\/07\/Captura-de-ecra\u0303-2022-07-24-a\u0300s-17.05.48-1024x481.png\" alt=\"\" class=\"wp-image-492\" srcset=\"https:\/\/www.sulmedia.pt\/wp-content\/uploads\/2022\/07\/Captura-de-ecra\u0303-2022-07-24-a\u0300s-17.05.48-1024x481.png 1024w, https:\/\/www.sulmedia.pt\/wp-content\/uploads\/2022\/07\/Captura-de-ecra\u0303-2022-07-24-a\u0300s-17.05.48-300x141.png 300w, https:\/\/www.sulmedia.pt\/wp-content\/uploads\/2022\/07\/Captura-de-ecra\u0303-2022-07-24-a\u0300s-17.05.48-768x361.png 768w, https:\/\/www.sulmedia.pt\/wp-content\/uploads\/2022\/07\/Captura-de-ecra\u0303-2022-07-24-a\u0300s-17.05.48.png 1370w\" sizes=\"auto, (max-width: 767px) 89vw, (max-width: 1000px) 54vw, (max-width: 1071px) 543px, 580px\" \/><\/figure>\n\n\n\n<figure class=\"wp-block-image size-large\"><img loading=\"lazy\" decoding=\"async\" width=\"225\" height=\"225\" data-id=\"491\" src=\"http:\/\/www.sulmedia.pt\/wp-content\/uploads\/2022\/07\/transferir.jpeg\" alt=\"\" class=\"wp-image-491\" srcset=\"https:\/\/www.sulmedia.pt\/wp-content\/uploads\/2022\/07\/transferir.jpeg 225w, https:\/\/www.sulmedia.pt\/wp-content\/uploads\/2022\/07\/transferir-150x150.jpeg 150w, https:\/\/www.sulmedia.pt\/wp-content\/uploads\/2022\/07\/transferir-100x100.jpeg 100w\" sizes=\"auto, (max-width: 225px) 100vw, 225px\" \/><\/figure>\n\n\n\n<figure class=\"wp-block-image size-large\"><img loading=\"lazy\" decoding=\"async\" width=\"675\" height=\"588\" data-id=\"260\" src=\"http:\/\/www.sulmedia.pt\/wp-content\/uploads\/2020\/05\/cliente1.png\" alt=\"\" class=\"wp-image-260\" srcset=\"https:\/\/www.sulmedia.pt\/wp-content\/uploads\/2020\/05\/cliente1.png 675w, https:\/\/www.sulmedia.pt\/wp-content\/uploads\/2020\/05\/cliente1-300x261.png 300w\" sizes=\"auto, (max-width: 675px) 100vw, 675px\" \/><\/figure>\n\n\n\n<figure class=\"wp-block-image size-large\"><img loading=\"lazy\" decoding=\"async\" width=\"866\" height=\"650\" data-id=\"539\" src=\"http:\/\/www.sulmedia.pt\/wp-content\/uploads\/2023\/06\/afplogo-1.jpeg\" alt=\"\" class=\"wp-image-539\" srcset=\"https:\/\/www.sulmedia.pt\/wp-content\/uploads\/2023\/06\/afplogo-1.jpeg 866w, https:\/\/www.sulmedia.pt\/wp-content\/uploads\/2023\/06\/afplogo-1-300x225.jpeg 300w, https:\/\/www.sulmedia.pt\/wp-content\/uploads\/2023\/06\/afplogo-1-768x576.jpeg 768w\" sizes=\"auto, (max-width: 767px) 89vw, (max-width: 1000px) 54vw, (max-width: 1071px) 543px, 580px\" \/><\/figure>\n\n\n\n<figure class=\"wp-block-image size-large\"><img loading=\"lazy\" decoding=\"async\" width=\"432\" height=\"424\" data-id=\"564\" src=\"https:\/\/www.sulmedia.pt\/wp-content\/uploads\/2024\/09\/Captura-de-ecra-2024-09-27-as-23.25.38.png\" alt=\"\" class=\"wp-image-564\" srcset=\"https:\/\/www.sulmedia.pt\/wp-content\/uploads\/2024\/09\/Captura-de-ecra-2024-09-27-as-23.25.38.png 432w, https:\/\/www.sulmedia.pt\/wp-content\/uploads\/2024\/09\/Captura-de-ecra-2024-09-27-as-23.25.38-300x294.png 300w\" sizes=\"auto, (max-width: 432px) 100vw, 432px\" \/><\/figure>\n\n\n\n<figure class=\"wp-block-image size-large\"><img loading=\"lazy\" decoding=\"async\" width=\"614\" height=\"444\" data-id=\"565\" src=\"https:\/\/www.sulmedia.pt\/wp-content\/uploads\/2024\/09\/Captura-de-ecra-2024-09-27-as-23.25.24.png\" alt=\"\" class=\"wp-image-565\" srcset=\"https:\/\/www.sulmedia.pt\/wp-content\/uploads\/2024\/09\/Captura-de-ecra-2024-09-27-as-23.25.24.png 614w, https:\/\/www.sulmedia.pt\/wp-content\/uploads\/2024\/09\/Captura-de-ecra-2024-09-27-as-23.25.24-300x217.png 300w\" sizes=\"auto, (max-width: 614px) 100vw, 614px\" \/><\/figure>\n\n\n\n<figure class=\"wp-block-image size-large\"><img loading=\"lazy\" decoding=\"async\" width=\"860\" height=\"507\" data-id=\"566\" src=\"https:\/\/www.sulmedia.pt\/wp-content\/uploads\/2024\/09\/RTP.jpg\" alt=\"\" class=\"wp-image-566\" srcset=\"https:\/\/www.sulmedia.pt\/wp-content\/uploads\/2024\/09\/RTP.jpg 860w, https:\/\/www.sulmedia.pt\/wp-content\/uploads\/2024\/09\/RTP-300x177.jpg 300w, https:\/\/www.sulmedia.pt\/wp-content\/uploads\/2024\/09\/RTP-768x453.jpg 768w\" sizes=\"auto, (max-width: 767px) 89vw, (max-width: 1000px) 54vw, (max-width: 1071px) 543px, 580px\" \/><\/figure>\n<\/figure>\n","protected":false},"excerpt":{"rendered":"<p>Sul Media\u5b58\u5728\u4e8e\u5e7f\u6cdb\u7684\u591a\u5a92\u4f53\u5185\u5bb9\u4e2d\uff0c\u8461\u8404\u7259\u89c6\u542c\u5e02\u573a\u7684\u4e3b\u8981\u53c2\u4e0e\u8005\u4ee5\u53ca\u6765\u81ea\u6b27\u6d32\u5927\u9646\u7684\u7236\u6bcd\uff0c\u7535\u89c6\u53f0\u548c\u6d3b\u52a8\u7684\u5236\u4f5c\u8005\u90fd\u53ef\u4ee5\u770b\u5230Sul Media\u3002<\/p>\n","protected":false},"author":1,"featured_media":258,"parent":0,"menu_order":0,"comment_status":"closed","ping_status":"closed","template":"","meta":{"footnotes":""},"class_list":["post-239","page","type-page","status-publish","has-post-thumbnail","hentry"],"yoast_head":"<!-- This site is optimized with the Yoast SEO plugin v27.3 - https:\/\/yoast.com\/product\/yoast-seo-wordpress\/ -->\n<title>\u5ba2\u6237\u7fa4<\/title>\n<meta name=\"robots\" content=\"index, follow, max-snippet:-1, max-image-preview:large, max-video-preview:-1\" \/>\n<link rel=\"canonical\" href=\"https:\/\/www.sulmedia.pt\/zh\/clientes\/\" \/>\n<meta property=\"og:locale\" content=\"ja_JP\" \/>\n<meta property=\"og:locale:alternate\" content=\"en_US\" \/>\n<meta property=\"og:locale:alternate\" content=\"pt_PT\" \/>\n<meta property=\"og:locale:alternate\" content=\"Madrid\" \/>\n<meta property=\"og:locale:alternate\" content=\"Moscow\" \/>\n<meta property=\"og:locale:alternate\" content=\"Berlin\" \/>\n<meta property=\"og:type\" content=\"article\" \/>\n<meta property=\"og:title\" content=\"\u5ba2\u6237\u7fa4\" \/>\n<meta property=\"og:description\" content=\"Sul Media\u5b58\u5728\u4e8e\u5e7f\u6cdb\u7684\u591a\u5a92\u4f53\u5185\u5bb9\u4e2d\uff0c\u8461\u8404\u7259\u89c6\u542c\u5e02\u573a\u7684\u4e3b\u8981\u53c2\u4e0e\u8005\u4ee5\u53ca\u6765\u81ea\u6b27\u6d32\u5927\u9646\u7684\u7236\u6bcd\uff0c\u7535\u89c6\u53f0\u548c\u6d3b\u52a8\u7684\u5236\u4f5c\u8005\u90fd\u53ef\u4ee5\u770b\u5230Sul Media\u3002\" \/>\n<meta property=\"og:url\" content=\"https:\/\/www.sulmedia.pt\/zh\/clientes\/\" \/>\n<meta property=\"og:site_name\" content=\"Sul Media\" \/>\n<meta property=\"article:modified_time\" content=\"2024-09-27T22:29:44+00:00\" \/>\n<meta property=\"og:image\" content=\"https:\/\/www.sulmedia.pt\/wp-content\/uploads\/2020\/05\/fundos12-1024x576.png\" \/>\n\t<meta property=\"og:image:width\" content=\"1024\" \/>\n\t<meta property=\"og:image:height\" content=\"576\" \/>\n\t<meta property=\"og:image:type\" content=\"image\/png\" \/>\n<meta name=\"twitter:card\" content=\"summary_large_image\" \/>\n<meta name=\"twitter:label1\" content=\"\u63a8\u5b9a\u8aad\u307f\u53d6\u308a\u6642\u9593\" \/>\n\t<meta name=\"twitter:data1\" content=\"1\u5206\" \/>\n<script type=\"application\/ld+json\" class=\"yoast-schema-graph\">{\"@context\":\"https:\\\/\\\/schema.org\",\"@graph\":[{\"@type\":\"WebPage\",\"@id\":\"https:\\\/\\\/www.sulmedia.pt\\\/clientes\\\/\",\"url\":\"https:\\\/\\\/www.sulmedia.pt\\\/clientes\\\/\",\"name\":\"\u5ba2\u6237\u7fa4\",\"isPartOf\":{\"@id\":\"https:\\\/\\\/www.sulmedia.pt\\\/#website\"},\"primaryImageOfPage\":{\"@id\":\"https:\\\/\\\/www.sulmedia.pt\\\/clientes\\\/#primaryimage\"},\"image\":{\"@id\":\"https:\\\/\\\/www.sulmedia.pt\\\/clientes\\\/#primaryimage\"},\"thumbnailUrl\":\"https:\\\/\\\/www.sulmedia.pt\\\/wp-content\\\/uploads\\\/2020\\\/05\\\/fundos12.png\",\"datePublished\":\"2020-05-06T02:27:42+00:00\",\"dateModified\":\"2024-09-27T22:29:44+00:00\",\"breadcrumb\":{\"@id\":\"https:\\\/\\\/www.sulmedia.pt\\\/clientes\\\/#breadcrumb\"},\"inLanguage\":\"Pequim\",\"potentialAction\":[{\"@type\":\"ReadAction\",\"target\":[\"https:\\\/\\\/www.sulmedia.pt\\\/clientes\\\/\"]}]},{\"@type\":\"ImageObject\",\"inLanguage\":\"Pequim\",\"@id\":\"https:\\\/\\\/www.sulmedia.pt\\\/clientes\\\/#primaryimage\",\"url\":\"https:\\\/\\\/www.sulmedia.pt\\\/wp-content\\\/uploads\\\/2020\\\/05\\\/fundos12.png\",\"contentUrl\":\"https:\\\/\\\/www.sulmedia.pt\\\/wp-content\\\/uploads\\\/2020\\\/05\\\/fundos12.png\",\"width\":1920,\"height\":1080},{\"@type\":\"BreadcrumbList\",\"@id\":\"https:\\\/\\\/www.sulmedia.pt\\\/clientes\\\/#breadcrumb\",\"itemListElement\":[{\"@type\":\"ListItem\",\"position\":1,\"name\":\"In\u00edcio\",\"item\":\"https:\\\/\\\/www.sulmedia.pt\\\/en\\\/\"},{\"@type\":\"ListItem\",\"position\":2,\"name\":\"Clientes\"}]},{\"@type\":\"WebSite\",\"@id\":\"https:\\\/\\\/www.sulmedia.pt\\\/#website\",\"url\":\"https:\\\/\\\/www.sulmedia.pt\\\/\",\"name\":\"Sul Media\",\"description\":\"CAPTURA, EDI\u00c7\u00c3O E BROADCAST EM VIDEO DE ESPECT\u00c1CULOS E EVENTOS\",\"potentialAction\":[{\"@type\":\"SearchAction\",\"target\":{\"@type\":\"EntryPoint\",\"urlTemplate\":\"https:\\\/\\\/www.sulmedia.pt\\\/?s={search_term_string}\"},\"query-input\":{\"@type\":\"PropertyValueSpecification\",\"valueRequired\":true,\"valueName\":\"search_term_string\"}}],\"inLanguage\":\"Pequim\"}]}<\/script>\n<!-- \/ Yoast SEO plugin. -->","yoast_head_json":{"title":"\u5ba2\u6237\u7fa4","robots":{"index":"index","follow":"follow","max-snippet":"max-snippet:-1","max-image-preview":"max-image-preview:large","max-video-preview":"max-video-preview:-1"},"canonical":"https:\/\/www.sulmedia.pt\/zh\/clientes\/","og_locale":"ja_JP","og_type":"article","og_title":"[:en]Customers[:pt]Clientes[:ru]\u043a\u043b\u0438\u0435\u043d\u0442\u044b[:zh]\u5ba2\u6237\u7fa4[:de]Kunden[:] - Sul Media","og_description":"Sul Media\u5b58\u5728\u4e8e\u5e7f\u6cdb\u7684\u591a\u5a92\u4f53\u5185\u5bb9\u4e2d\uff0c\u8461\u8404\u7259\u89c6\u542c\u5e02\u573a\u7684\u4e3b\u8981\u53c2\u4e0e\u8005\u4ee5\u53ca\u6765\u81ea\u6b27\u6d32\u5927\u9646\u7684\u7236\u6bcd\uff0c\u7535\u89c6\u53f0\u548c\u6d3b\u52a8\u7684\u5236\u4f5c\u8005\u90fd\u53ef\u4ee5\u770b\u5230Sul Media\u3002","og_url":"https:\/\/www.sulmedia.pt\/zh\/clientes\/","og_site_name":"Sul Media","article_modified_time":"2024-09-27T22:29:44+00:00","og_image":[{"width":1024,"height":576,"url":"https:\/\/www.sulmedia.pt\/wp-content\/uploads\/2020\/05\/fundos12-1024x576.png","type":"image\/png"}],"twitter_card":"summary_large_image","twitter_misc":{"\u63a8\u5b9a\u8aad\u307f\u53d6\u308a\u6642\u9593":"1\u5206"},"schema":{"@context":"https:\/\/schema.org","@graph":[{"@type":"WebPage","@id":"https:\/\/www.sulmedia.pt\/clientes\/","url":"https:\/\/www.sulmedia.pt\/clientes\/","name":"\u5ba2\u6237\u7fa4","isPartOf":{"@id":"https:\/\/www.sulmedia.pt\/#website"},"primaryImageOfPage":{"@id":"https:\/\/www.sulmedia.pt\/clientes\/#primaryimage"},"image":{"@id":"https:\/\/www.sulmedia.pt\/clientes\/#primaryimage"},"thumbnailUrl":"https:\/\/www.sulmedia.pt\/wp-content\/uploads\/2020\/05\/fundos12.png","datePublished":"2020-05-06T02:27:42+00:00","dateModified":"2024-09-27T22:29:44+00:00","breadcrumb":{"@id":"https:\/\/www.sulmedia.pt\/clientes\/#breadcrumb"},"inLanguage":"Pequim","potentialAction":[{"@type":"ReadAction","target":["https:\/\/www.sulmedia.pt\/clientes\/"]}]},{"@type":"ImageObject","inLanguage":"Pequim","@id":"https:\/\/www.sulmedia.pt\/clientes\/#primaryimage","url":"https:\/\/www.sulmedia.pt\/wp-content\/uploads\/2020\/05\/fundos12.png","contentUrl":"https:\/\/www.sulmedia.pt\/wp-content\/uploads\/2020\/05\/fundos12.png","width":1920,"height":1080},{"@type":"BreadcrumbList","@id":"https:\/\/www.sulmedia.pt\/clientes\/#breadcrumb","itemListElement":[{"@type":"ListItem","position":1,"name":"In\u00edcio","item":"https:\/\/www.sulmedia.pt\/en\/"},{"@type":"ListItem","position":2,"name":"Clientes"}]},{"@type":"WebSite","@id":"https:\/\/www.sulmedia.pt\/#website","url":"https:\/\/www.sulmedia.pt\/","name":"Sul Media","description":"CAPTURA, EDI\u00c7\u00c3O E BROADCAST EM VIDEO DE ESPECT\u00c1CULOS E EVENTOS","potentialAction":[{"@type":"SearchAction","target":{"@type":"EntryPoint","urlTemplate":"https:\/\/www.sulmedia.pt\/?s={search_term_string}"},"query-input":{"@type":"PropertyValueSpecification","valueRequired":true,"valueName":"search_term_string"}}],"inLanguage":"Pequim"}]}},"_links":{"self":[{"href":"https:\/\/www.sulmedia.pt\/zh\/wp-json\/wp\/v2\/pages\/239","targetHints":{"allow":["GET"]}}],"collection":[{"href":"https:\/\/www.sulmedia.pt\/zh\/wp-json\/wp\/v2\/pages"}],"about":[{"href":"https:\/\/www.sulmedia.pt\/zh\/wp-json\/wp\/v2\/types\/page"}],"author":[{"embeddable":true,"href":"https:\/\/www.sulmedia.pt\/zh\/wp-json\/wp\/v2\/users\/1"}],"replies":[{"embeddable":true,"href":"https:\/\/www.sulmedia.pt\/zh\/wp-json\/wp\/v2\/comments?post=239"}],"version-history":[{"count":47,"href":"https:\/\/www.sulmedia.pt\/zh\/wp-json\/wp\/v2\/pages\/239\/revisions"}],"predecessor-version":[{"id":574,"href":"https:\/\/www.sulmedia.pt\/zh\/wp-json\/wp\/v2\/pages\/239\/revisions\/574"}],"wp:featuredmedia":[{"embeddable":true,"href":"https:\/\/www.sulmedia.pt\/zh\/wp-json\/wp\/v2\/media\/258"}],"wp:attachment":[{"href":"https:\/\/www.sulmedia.pt\/zh\/wp-json\/wp\/v2\/media?parent=239"}],"curies":[{"name":"wp","href":"https:\/\/api.w.org\/{rel}","templated":true}]}}