{"id":238,"date":"2020-05-06T02:27:42","date_gmt":"2020-05-06T02:27:42","guid":{"rendered":"http:\/\/sulmedia.pt\/?page_id=238"},"modified":"2020-05-07T00:01:36","modified_gmt":"2020-05-07T00:01:36","slug":"servicos","status":"publish","type":"page","link":"https:\/\/www.sulmedia.pt\/zh\/servicos\/","title":{"rendered":"\u6211\u4eec\u7684\u670d\u52a1"},"content":{"rendered":"\n<p>\u5ba4\u5185\u548c\u5ba4\u5916\u56fe\u50cf\u548c\u89c6\u9891\u6355\u83b7\uff0c\u4e13\u4e1a\u4eba\u58eb\uff0c\u8bb0\u5f55\uff0c\u7f16\u8f91\u548c\u540e\u671f\u5236\u4f5c\u5de5\u4f5c\u5ba4\uff0c\u5b9e\u65f6\u5e7f\u64ad\u4ee5\u53ca\u54a8\u8be2\u548c\u652f\u6301\u670d\u52a1\u3002<\/p>\n\n\n\n<h3 class=\"has-text-align-center wp-block-heading\">\u201c\u6211\u4eec\u4e3a\u60a8\u7684\u9879\u76ee\u63d0\u4f9b\u5efa\u8bae\u548c\u5e2e\u52a9\u201d<\/h3>\n\n\n\n<p>\u60a8\u6709\u60f3\u8981\u5728\u89c6\u9891\u6216\u7167\u7247\u4e2d\u8fdb\u884c\u62a5\u9053\u7684\u6d3b\u52a8\u5417\uff1f<\/p>\n\n\n\n<p>\u76f4\u64ad\u6216\u7f16\u8f91\u5e7f\u64ad\u4ee5\u8fdb\u884c\u5ef6\u8fdf\u5e7f\u64ad\uff1f<\/p>\n\n\n\n<p>\u751a\u81f3\u662f\u5de5\u4f5c\u5ba4\u5f55\u97f3\uff1f \u5e76\u5bfb\u627e\u5177\u6709\u9002\u5f53\u6280\u80fd\u7684\u4e13\u4e1a\u4eba\u5458\u6765\u5728\u6240\u6709\u9886\u57df\u63d0\u4f9b\u9ad8\u8d28\u91cf\u7684\u4ea7\u54c1\uff0c\u8fd9\u4e9b\u4ea7\u54c1\u53ef\u4ee5\u8f6c\u5316\u4e3a\u5177\u6709\u4e3a\u60a8\u7684\u6d3b\u52a8\u589e\u503c\u7684\u6240\u6709\u6280\u672f\u548c\u4eba\u5458\u8981\u6c42\u7684\u4ea7\u54c1\uff0c\u6211\u4eec\u5c06\u4e3a\u60a8\u63d0\u4f9b\u6240\u9700\u7684\u4e1c\u897f\u3002<\/p>\n\n\n\n<p>\u6211\u4eec\u63d0\u4f9b\u4e13\u4e1a\u4e8e\u4efb\u4f55\u6837\u5f0f\uff0c\u683c\u5f0f\u6216\u7c7b\u578b\u7684\u7535\u89c6\u7684\u6444\u50cf\u673a\u64cd\u4f5c\u5458\uff0c\u8bbe\u5907\uff0c\u670d\u52a1\u548c\u5236\u4f5c\u56e2\u961f\u3002<\/p>\n\n\n\n<h2 class=\"wp-block-heading\">SulMedia\u5c06\u4f7f\u60a8\u7684\u9879\u76ee\u53d8\u5f97\u4e13\u4e1a\u800c\u4e13\u4e1a\u3002<\/h2>\n","protected":false},"excerpt":{"rendered":"<p>\u5ba4\u5185\u548c\u5ba4\u5916\u56fe\u50cf\u548c\u89c6\u9891\u6355\u83b7\uff0c\u4e13\u4e1a\u4eba\u58eb\uff0c\u8bb0\u5f55\uff0c\u7f16\u8f91\u548c\u540e\u671f\u5236\u4f5c\u5de5\u4f5c\u5ba4\uff0c\u5b9e\u65f6\u5e7f\u64ad\u4ee5\u53ca\u54a8\u8be2\u548c\u652f\u6301\u670d\u52a1\u3002 \u201c\u6211\u4eec\u4e3a\u60a8\u7684\u9879\u76ee\u63d0\u4f9b\u5efa\u8bae\u548c\u5e2e\u52a9\u201d \u60a8\u6709\u60f3\u8981\u5728\u89c6\u9891\u6216\u7167\u7247\u4e2d\u8fdb\u884c\u62a5\u9053\u7684\u6d3b\u52a8\u5417\uff1f \u76f4\u64ad\u6216\u7f16\u8f91\u5e7f\u64ad\u4ee5\u8fdb\u884c\u5ef6\u8fdf\u5e7f\u64ad\uff1f \u751a\u81f3\u662f\u5de5\u4f5c\u5ba4\u5f55\u97f3\uff1f &hellip; <\/p>\n<p class=\"link-more\"><a href=\"https:\/\/www.sulmedia.pt\/zh\/servicos\/\" class=\"more-link\"><span class=\"screen-reader-text\">&#8220;\u6211\u4eec\u7684\u670d\u52a1&#8221; \u306e<\/span>\u7d9a\u304d\u3092\u8aad\u3080<\/a><\/p>\n","protected":false},"author":1,"featured_media":247,"parent":0,"menu_order":0,"comment_status":"closed","ping_status":"closed","template":"","meta":{"footnotes":""},"class_list":["post-238","page","type-page","status-publish","has-post-thumbnail","hentry"],"yoast_head":"<!-- This site is optimized with the Yoast SEO plugin v27.3 - https:\/\/yoast.com\/product\/yoast-seo-wordpress\/ -->\n<title>\u6211\u4eec\u7684\u670d\u52a1<\/title>\n<meta name=\"robots\" content=\"index, follow, max-snippet:-1, max-image-preview:large, max-video-preview:-1\" \/>\n<link rel=\"canonical\" href=\"https:\/\/www.sulmedia.pt\/zh\/servicos\/\" \/>\n<meta property=\"og:locale\" content=\"ja_JP\" \/>\n<meta property=\"og:locale:alternate\" content=\"en_US\" \/>\n<meta property=\"og:locale:alternate\" content=\"pt_PT\" \/>\n<meta property=\"og:locale:alternate\" content=\"Madrid\" \/>\n<meta property=\"og:locale:alternate\" content=\"Moscow\" \/>\n<meta property=\"og:locale:alternate\" content=\"Berlin\" \/>\n<meta property=\"og:type\" content=\"article\" \/>\n<meta property=\"og:title\" content=\"\u6211\u4eec\u7684\u670d\u52a1\" \/>\n<meta property=\"og:description\" content=\"\u5ba4\u5185\u548c\u5ba4\u5916\u56fe\u50cf\u548c\u89c6\u9891\u6355\u83b7\uff0c\u4e13\u4e1a\u4eba\u58eb\uff0c\u8bb0\u5f55\uff0c\u7f16\u8f91\u548c\u540e\u671f\u5236\u4f5c\u5de5\u4f5c\u5ba4\uff0c\u5b9e\u65f6\u5e7f\u64ad\u4ee5\u53ca\u54a8\u8be2\u548c\u652f\u6301\u670d\u52a1\u3002 \u201c\u6211\u4eec\u4e3a\u60a8\u7684\u9879\u76ee\u63d0\u4f9b\u5efa\u8bae\u548c\u5e2e\u52a9\u201d \u60a8\u6709\u60f3\u8981\u5728\u89c6\u9891\u6216\u7167\u7247\u4e2d\u8fdb\u884c\u62a5\u9053\u7684\u6d3b\u52a8\u5417\uff1f \u76f4\u64ad\u6216\u7f16\u8f91\u5e7f\u64ad\u4ee5\u8fdb\u884c\u5ef6\u8fdf\u5e7f\u64ad\uff1f \u751a\u81f3\u662f\u5de5\u4f5c\u5ba4\u5f55\u97f3\uff1f &hellip; &quot;\u6211\u4eec\u7684\u670d\u52a1&quot; \u306e\u7d9a\u304d\u3092\u8aad\u3080\" \/>\n<meta property=\"og:url\" content=\"https:\/\/www.sulmedia.pt\/zh\/servicos\/\" \/>\n<meta property=\"og:site_name\" content=\"Sul Media\" \/>\n<meta property=\"article:modified_time\" content=\"2020-05-07T00:01:36+00:00\" \/>\n<meta property=\"og:image\" content=\"https:\/\/www.sulmedia.pt\/wp-content\/uploads\/2020\/05\/fundos9.png\" \/>\n\t<meta property=\"og:image:width\" content=\"1920\" \/>\n\t<meta property=\"og:image:height\" content=\"1080\" \/>\n\t<meta property=\"og:image:type\" content=\"image\/png\" \/>\n<meta name=\"twitter:card\" content=\"summary_large_image\" \/>\n<meta name=\"twitter:label1\" content=\"\u63a8\u5b9a\u8aad\u307f\u53d6\u308a\u6642\u9593\" \/>\n\t<meta name=\"twitter:data1\" content=\"3\u5206\" \/>\n<script type=\"application\/ld+json\" class=\"yoast-schema-graph\">{\"@context\":\"https:\\\/\\\/schema.org\",\"@graph\":[{\"@type\":\"WebPage\",\"@id\":\"https:\\\/\\\/www.sulmedia.pt\\\/servicos\\\/\",\"url\":\"https:\\\/\\\/www.sulmedia.pt\\\/servicos\\\/\",\"name\":\"\u6211\u4eec\u7684\u670d\u52a1\",\"isPartOf\":{\"@id\":\"https:\\\/\\\/www.sulmedia.pt\\\/#website\"},\"primaryImageOfPage\":{\"@id\":\"https:\\\/\\\/www.sulmedia.pt\\\/servicos\\\/#primaryimage\"},\"image\":{\"@id\":\"https:\\\/\\\/www.sulmedia.pt\\\/servicos\\\/#primaryimage\"},\"thumbnailUrl\":\"https:\\\/\\\/www.sulmedia.pt\\\/wp-content\\\/uploads\\\/2020\\\/05\\\/fundos9.png\",\"datePublished\":\"2020-05-06T02:27:42+00:00\",\"dateModified\":\"2020-05-07T00:01:36+00:00\",\"breadcrumb\":{\"@id\":\"https:\\\/\\\/www.sulmedia.pt\\\/servicos\\\/#breadcrumb\"},\"inLanguage\":\"Pequim\",\"potentialAction\":[{\"@type\":\"ReadAction\",\"target\":[\"https:\\\/\\\/www.sulmedia.pt\\\/servicos\\\/\"]}]},{\"@type\":\"ImageObject\",\"inLanguage\":\"Pequim\",\"@id\":\"https:\\\/\\\/www.sulmedia.pt\\\/servicos\\\/#primaryimage\",\"url\":\"https:\\\/\\\/www.sulmedia.pt\\\/wp-content\\\/uploads\\\/2020\\\/05\\\/fundos9.png\",\"contentUrl\":\"https:\\\/\\\/www.sulmedia.pt\\\/wp-content\\\/uploads\\\/2020\\\/05\\\/fundos9.png\",\"width\":1920,\"height\":1080},{\"@type\":\"BreadcrumbList\",\"@id\":\"https:\\\/\\\/www.sulmedia.pt\\\/servicos\\\/#breadcrumb\",\"itemListElement\":[{\"@type\":\"ListItem\",\"position\":1,\"name\":\"In\u00edcio\",\"item\":\"https:\\\/\\\/www.sulmedia.pt\\\/en\\\/\"},{\"@type\":\"ListItem\",\"position\":2,\"name\":\"Servi\u00e7os\"}]},{\"@type\":\"WebSite\",\"@id\":\"https:\\\/\\\/www.sulmedia.pt\\\/#website\",\"url\":\"https:\\\/\\\/www.sulmedia.pt\\\/\",\"name\":\"Sul Media\",\"description\":\"CAPTURA, EDI\u00c7\u00c3O E BROADCAST EM VIDEO DE ESPECT\u00c1CULOS E EVENTOS\",\"potentialAction\":[{\"@type\":\"SearchAction\",\"target\":{\"@type\":\"EntryPoint\",\"urlTemplate\":\"https:\\\/\\\/www.sulmedia.pt\\\/?s={search_term_string}\"},\"query-input\":{\"@type\":\"PropertyValueSpecification\",\"valueRequired\":true,\"valueName\":\"search_term_string\"}}],\"inLanguage\":\"Pequim\"}]}<\/script>\n<!-- \/ Yoast SEO plugin. -->","yoast_head_json":{"title":"\u6211\u4eec\u7684\u670d\u52a1","robots":{"index":"index","follow":"follow","max-snippet":"max-snippet:-1","max-image-preview":"max-image-preview:large","max-video-preview":"max-video-preview:-1"},"canonical":"https:\/\/www.sulmedia.pt\/zh\/servicos\/","og_locale":"ja_JP","og_type":"article","og_title":"[:en]services[:pt]Servi\u00e7os[:es]Nuestros servicios[:ru]\u041d\u0430\u0448\u0438 \u0443\u0441\u043b\u0443\u0433\u0438[:zh]\u6211\u4eec\u7684\u670d\u52a1[:de]Unsere Dienstleistungen[:] - Sul Media","og_description":"\u5ba4\u5185\u548c\u5ba4\u5916\u56fe\u50cf\u548c\u89c6\u9891\u6355\u83b7\uff0c\u4e13\u4e1a\u4eba\u58eb\uff0c\u8bb0\u5f55\uff0c\u7f16\u8f91\u548c\u540e\u671f\u5236\u4f5c\u5de5\u4f5c\u5ba4\uff0c\u5b9e\u65f6\u5e7f\u64ad\u4ee5\u53ca\u54a8\u8be2\u548c\u652f\u6301\u670d\u52a1\u3002 \u201c\u6211\u4eec\u4e3a\u60a8\u7684\u9879\u76ee\u63d0\u4f9b\u5efa\u8bae\u548c\u5e2e\u52a9\u201d \u60a8\u6709\u60f3\u8981\u5728\u89c6\u9891\u6216\u7167\u7247\u4e2d\u8fdb\u884c\u62a5\u9053\u7684\u6d3b\u52a8\u5417\uff1f \u76f4\u64ad\u6216\u7f16\u8f91\u5e7f\u64ad\u4ee5\u8fdb\u884c\u5ef6\u8fdf\u5e7f\u64ad\uff1f \u751a\u81f3\u662f\u5de5\u4f5c\u5ba4\u5f55\u97f3\uff1f &hellip; \"\u6211\u4eec\u7684\u670d\u52a1\" \u306e\u7d9a\u304d\u3092\u8aad\u3080","og_url":"https:\/\/www.sulmedia.pt\/zh\/servicos\/","og_site_name":"Sul Media","article_modified_time":"2020-05-07T00:01:36+00:00","og_image":[{"width":1920,"height":1080,"url":"https:\/\/www.sulmedia.pt\/wp-content\/uploads\/2020\/05\/fundos9.png","type":"image\/png"}],"twitter_card":"summary_large_image","twitter_misc":{"\u63a8\u5b9a\u8aad\u307f\u53d6\u308a\u6642\u9593":"3\u5206"},"schema":{"@context":"https:\/\/schema.org","@graph":[{"@type":"WebPage","@id":"https:\/\/www.sulmedia.pt\/servicos\/","url":"https:\/\/www.sulmedia.pt\/servicos\/","name":"\u6211\u4eec\u7684\u670d\u52a1","isPartOf":{"@id":"https:\/\/www.sulmedia.pt\/#website"},"primaryImageOfPage":{"@id":"https:\/\/www.sulmedia.pt\/servicos\/#primaryimage"},"image":{"@id":"https:\/\/www.sulmedia.pt\/servicos\/#primaryimage"},"thumbnailUrl":"https:\/\/www.sulmedia.pt\/wp-content\/uploads\/2020\/05\/fundos9.png","datePublished":"2020-05-06T02:27:42+00:00","dateModified":"2020-05-07T00:01:36+00:00","breadcrumb":{"@id":"https:\/\/www.sulmedia.pt\/servicos\/#breadcrumb"},"inLanguage":"Pequim","potentialAction":[{"@type":"ReadAction","target":["https:\/\/www.sulmedia.pt\/servicos\/"]}]},{"@type":"ImageObject","inLanguage":"Pequim","@id":"https:\/\/www.sulmedia.pt\/servicos\/#primaryimage","url":"https:\/\/www.sulmedia.pt\/wp-content\/uploads\/2020\/05\/fundos9.png","contentUrl":"https:\/\/www.sulmedia.pt\/wp-content\/uploads\/2020\/05\/fundos9.png","width":1920,"height":1080},{"@type":"BreadcrumbList","@id":"https:\/\/www.sulmedia.pt\/servicos\/#breadcrumb","itemListElement":[{"@type":"ListItem","position":1,"name":"In\u00edcio","item":"https:\/\/www.sulmedia.pt\/en\/"},{"@type":"ListItem","position":2,"name":"Servi\u00e7os"}]},{"@type":"WebSite","@id":"https:\/\/www.sulmedia.pt\/#website","url":"https:\/\/www.sulmedia.pt\/","name":"Sul Media","description":"CAPTURA, EDI\u00c7\u00c3O E BROADCAST EM VIDEO DE ESPECT\u00c1CULOS E EVENTOS","potentialAction":[{"@type":"SearchAction","target":{"@type":"EntryPoint","urlTemplate":"https:\/\/www.sulmedia.pt\/?s={search_term_string}"},"query-input":{"@type":"PropertyValueSpecification","valueRequired":true,"valueName":"search_term_string"}}],"inLanguage":"Pequim"}]}},"_links":{"self":[{"href":"https:\/\/www.sulmedia.pt\/zh\/wp-json\/wp\/v2\/pages\/238","targetHints":{"allow":["GET"]}}],"collection":[{"href":"https:\/\/www.sulmedia.pt\/zh\/wp-json\/wp\/v2\/pages"}],"about":[{"href":"https:\/\/www.sulmedia.pt\/zh\/wp-json\/wp\/v2\/types\/page"}],"author":[{"embeddable":true,"href":"https:\/\/www.sulmedia.pt\/zh\/wp-json\/wp\/v2\/users\/1"}],"replies":[{"embeddable":true,"href":"https:\/\/www.sulmedia.pt\/zh\/wp-json\/wp\/v2\/comments?post=238"}],"version-history":[{"count":13,"href":"https:\/\/www.sulmedia.pt\/zh\/wp-json\/wp\/v2\/pages\/238\/revisions"}],"predecessor-version":[{"id":381,"href":"https:\/\/www.sulmedia.pt\/zh\/wp-json\/wp\/v2\/pages\/238\/revisions\/381"}],"wp:featuredmedia":[{"embeddable":true,"href":"https:\/\/www.sulmedia.pt\/zh\/wp-json\/wp\/v2\/media\/247"}],"wp:attachment":[{"href":"https:\/\/www.sulmedia.pt\/zh\/wp-json\/wp\/v2\/media?parent=238"}],"curies":[{"name":"wp","href":"https:\/\/api.w.org\/{rel}","templated":true}]}}