{"id":106,"date":"2020-05-06T00:49:49","date_gmt":"2020-05-06T00:49:49","guid":{"rendered":"http:\/\/sulmedia.pt\/?page_id=106"},"modified":"2020-05-07T00:02:22","modified_gmt":"2020-05-07T00:02:22","slug":"home","status":"publish","type":"page","link":"https:\/\/www.sulmedia.pt\/zh\/","title":{"rendered":"Sul Media"},"content":{"rendered":"\n<h4 class=\"wp-block-heading\">\u6355\u83b7\uff0c\u8868\u6f14\uff0c\u6d3b\u52a8\uff0c\u4f1a\u8bae\uff0c\u65b0\u95fb\u7684\u89c6\u9891\u5e7f\u64ad\u7248\u3002<\/h4>\n\n\n\n<p><strong>Sul Media<\/strong>\u662f\u4e00\u5bb6\u4e13\u95e8\u4ece\u4e8b\u89c6\u9891\u548c\u5e7f\u64ad\u7684\u516c\u53f8\uff0c\u53ef\u5728\u4e0e\u5b9e\u65f6\u4e8b\u4ef6\u7684\u6355\u83b7\uff0c\u7f16\u8f91\u548c\u4f20\u8f93\u6709\u5173\u7684\u6240\u6709\u9886\u57df\u4e2d\u63d0\u4f9b\u7075\u6d3b\u9ad8\u6548\u7684\u89e3\u51b3\u65b9\u6848\u3002<\/p>\n","protected":false},"excerpt":{"rendered":"<p>\u6355\u83b7\uff0c\u8868\u6f14\uff0c\u6d3b\u52a8\uff0c\u4f1a\u8bae\uff0c\u65b0\u95fb\u7684\u89c6\u9891\u5e7f\u64ad\u7248\u3002 Sul Media\u662f\u4e00\u5bb6\u4e13\u95e8\u4ece\u4e8b\u89c6\u9891\u548c\u5e7f\u64ad\u7684\u516c\u53f8\uff0c\u53ef\u5728\u4e0e\u5b9e\u65f6\u4e8b\u4ef6\u7684\u6355\u83b7\uff0c\u7f16\u8f91\u548c\u4f20\u8f93\u6709\u5173\u7684\u6240\u6709\u9886\u57df\u4e2d\u63d0\u4f9b\u7075\u6d3b\u9ad8\u6548\u7684\u89e3\u51b3\u65b9\u6848\u3002<\/p>\n","protected":false},"author":1,"featured_media":0,"parent":0,"menu_order":0,"comment_status":"closed","ping_status":"closed","template":"","meta":{"footnotes":""},"class_list":["post-106","page","type-page","status-publish","hentry"],"yoast_head":"<!-- This site is optimized with the Yoast SEO plugin v27.3 - https:\/\/yoast.com\/product\/yoast-seo-wordpress\/ -->\n<title>Sul Media<\/title>\n<meta name=\"robots\" content=\"index, follow, max-snippet:-1, max-image-preview:large, max-video-preview:-1\" \/>\n<link rel=\"canonical\" href=\"https:\/\/www.sulmedia.pt\/zh\/\" \/>\n<meta property=\"og:locale\" content=\"ja_JP\" \/>\n<meta property=\"og:locale:alternate\" content=\"en_US\" \/>\n<meta property=\"og:locale:alternate\" content=\"pt_PT\" \/>\n<meta property=\"og:locale:alternate\" content=\"Madrid\" \/>\n<meta property=\"og:locale:alternate\" content=\"Moscow\" \/>\n<meta property=\"og:locale:alternate\" content=\"Berlin\" \/>\n<meta property=\"og:type\" content=\"article\" \/>\n<meta property=\"og:title\" content=\"Sul Media\" \/>\n<meta property=\"og:description\" content=\"\u6355\u83b7\uff0c\u8868\u6f14\uff0c\u6d3b\u52a8\uff0c\u4f1a\u8bae\uff0c\u65b0\u95fb\u7684\u89c6\u9891\u5e7f\u64ad\u7248\u3002 Sul Media\u662f\u4e00\u5bb6\u4e13\u95e8\u4ece\u4e8b\u89c6\u9891\u548c\u5e7f\u64ad\u7684\u516c\u53f8\uff0c\u53ef\u5728\u4e0e\u5b9e\u65f6\u4e8b\u4ef6\u7684\u6355\u83b7\uff0c\u7f16\u8f91\u548c\u4f20\u8f93\u6709\u5173\u7684\u6240\u6709\u9886\u57df\u4e2d\u63d0\u4f9b\u7075\u6d3b\u9ad8\u6548\u7684\u89e3\u51b3\u65b9\u6848\u3002\" \/>\n<meta property=\"og:url\" content=\"https:\/\/www.sulmedia.pt\/zh\/\" \/>\n<meta property=\"og:site_name\" content=\"Sul Media\" \/>\n<meta property=\"article:modified_time\" content=\"2020-05-07T00:02:22+00:00\" \/>\n<meta name=\"twitter:card\" content=\"summary_large_image\" \/>\n<meta name=\"twitter:label1\" content=\"\u63a8\u5b9a\u8aad\u307f\u53d6\u308a\u6642\u9593\" \/>\n\t<meta name=\"twitter:data1\" content=\"1\u5206\" \/>\n<script type=\"application\/ld+json\" class=\"yoast-schema-graph\">{\"@context\":\"https:\\\/\\\/schema.org\",\"@graph\":[{\"@type\":\"WebPage\",\"@id\":\"https:\\\/\\\/www.sulmedia.pt\\\/en\\\/\",\"url\":\"https:\\\/\\\/www.sulmedia.pt\\\/en\\\/\",\"name\":\"Sul Media\",\"isPartOf\":{\"@id\":\"https:\\\/\\\/www.sulmedia.pt\\\/#website\"},\"datePublished\":\"2020-05-06T00:49:49+00:00\",\"dateModified\":\"2020-05-07T00:02:22+00:00\",\"breadcrumb\":{\"@id\":\"https:\\\/\\\/www.sulmedia.pt\\\/en\\\/#breadcrumb\"},\"inLanguage\":\"Pequim\",\"potentialAction\":[{\"@type\":\"ReadAction\",\"target\":[\"https:\\\/\\\/www.sulmedia.pt\\\/en\\\/\"]}]},{\"@type\":\"BreadcrumbList\",\"@id\":\"https:\\\/\\\/www.sulmedia.pt\\\/en\\\/#breadcrumb\",\"itemListElement\":[{\"@type\":\"ListItem\",\"position\":1,\"name\":\"In\u00edcio\",\"item\":\"https:\\\/\\\/www.sulmedia.pt\\\/en\\\/\"},{\"@type\":\"ListItem\",\"position\":2,\"name\":\"Sul Media\"}]},{\"@type\":\"WebSite\",\"@id\":\"https:\\\/\\\/www.sulmedia.pt\\\/#website\",\"url\":\"https:\\\/\\\/www.sulmedia.pt\\\/\",\"name\":\"Sul Media\",\"description\":\"CAPTURA, EDI\u00c7\u00c3O E BROADCAST EM VIDEO DE ESPECT\u00c1CULOS E EVENTOS\",\"potentialAction\":[{\"@type\":\"SearchAction\",\"target\":{\"@type\":\"EntryPoint\",\"urlTemplate\":\"https:\\\/\\\/www.sulmedia.pt\\\/?s={search_term_string}\"},\"query-input\":{\"@type\":\"PropertyValueSpecification\",\"valueRequired\":true,\"valueName\":\"search_term_string\"}}],\"inLanguage\":\"Pequim\"}]}<\/script>\n<!-- \/ Yoast SEO plugin. -->","yoast_head_json":{"title":"Sul Media","robots":{"index":"index","follow":"follow","max-snippet":"max-snippet:-1","max-image-preview":"max-image-preview:large","max-video-preview":"max-video-preview:-1"},"canonical":"https:\/\/www.sulmedia.pt\/zh\/","og_locale":"ja_JP","og_type":"article","og_title":"[:en]Sul Media[:pt]Sul Media[:ru]Sul Media[:zh]Sul Media[:] - Sul Media","og_description":"\u6355\u83b7\uff0c\u8868\u6f14\uff0c\u6d3b\u52a8\uff0c\u4f1a\u8bae\uff0c\u65b0\u95fb\u7684\u89c6\u9891\u5e7f\u64ad\u7248\u3002 Sul Media\u662f\u4e00\u5bb6\u4e13\u95e8\u4ece\u4e8b\u89c6\u9891\u548c\u5e7f\u64ad\u7684\u516c\u53f8\uff0c\u53ef\u5728\u4e0e\u5b9e\u65f6\u4e8b\u4ef6\u7684\u6355\u83b7\uff0c\u7f16\u8f91\u548c\u4f20\u8f93\u6709\u5173\u7684\u6240\u6709\u9886\u57df\u4e2d\u63d0\u4f9b\u7075\u6d3b\u9ad8\u6548\u7684\u89e3\u51b3\u65b9\u6848\u3002","og_url":"https:\/\/www.sulmedia.pt\/zh\/","og_site_name":"Sul Media","article_modified_time":"2020-05-07T00:02:22+00:00","twitter_card":"summary_large_image","twitter_misc":{"\u63a8\u5b9a\u8aad\u307f\u53d6\u308a\u6642\u9593":"1\u5206"},"schema":{"@context":"https:\/\/schema.org","@graph":[{"@type":"WebPage","@id":"https:\/\/www.sulmedia.pt\/en\/","url":"https:\/\/www.sulmedia.pt\/en\/","name":"Sul Media","isPartOf":{"@id":"https:\/\/www.sulmedia.pt\/#website"},"datePublished":"2020-05-06T00:49:49+00:00","dateModified":"2020-05-07T00:02:22+00:00","breadcrumb":{"@id":"https:\/\/www.sulmedia.pt\/en\/#breadcrumb"},"inLanguage":"Pequim","potentialAction":[{"@type":"ReadAction","target":["https:\/\/www.sulmedia.pt\/en\/"]}]},{"@type":"BreadcrumbList","@id":"https:\/\/www.sulmedia.pt\/en\/#breadcrumb","itemListElement":[{"@type":"ListItem","position":1,"name":"In\u00edcio","item":"https:\/\/www.sulmedia.pt\/en\/"},{"@type":"ListItem","position":2,"name":"Sul Media"}]},{"@type":"WebSite","@id":"https:\/\/www.sulmedia.pt\/#website","url":"https:\/\/www.sulmedia.pt\/","name":"Sul Media","description":"CAPTURA, EDI\u00c7\u00c3O E BROADCAST EM VIDEO DE ESPECT\u00c1CULOS E EVENTOS","potentialAction":[{"@type":"SearchAction","target":{"@type":"EntryPoint","urlTemplate":"https:\/\/www.sulmedia.pt\/?s={search_term_string}"},"query-input":{"@type":"PropertyValueSpecification","valueRequired":true,"valueName":"search_term_string"}}],"inLanguage":"Pequim"}]}},"_links":{"self":[{"href":"https:\/\/www.sulmedia.pt\/zh\/wp-json\/wp\/v2\/pages\/106","targetHints":{"allow":["GET"]}}],"collection":[{"href":"https:\/\/www.sulmedia.pt\/zh\/wp-json\/wp\/v2\/pages"}],"about":[{"href":"https:\/\/www.sulmedia.pt\/zh\/wp-json\/wp\/v2\/types\/page"}],"author":[{"embeddable":true,"href":"https:\/\/www.sulmedia.pt\/zh\/wp-json\/wp\/v2\/users\/1"}],"replies":[{"embeddable":true,"href":"https:\/\/www.sulmedia.pt\/zh\/wp-json\/wp\/v2\/comments?post=106"}],"version-history":[{"count":30,"href":"https:\/\/www.sulmedia.pt\/zh\/wp-json\/wp\/v2\/pages\/106\/revisions"}],"predecessor-version":[{"id":382,"href":"https:\/\/www.sulmedia.pt\/zh\/wp-json\/wp\/v2\/pages\/106\/revisions\/382"}],"wp:attachment":[{"href":"https:\/\/www.sulmedia.pt\/zh\/wp-json\/wp\/v2\/media?parent=106"}],"curies":[{"name":"wp","href":"https:\/\/api.w.org\/{rel}","templated":true}]}}