{"id":238,"date":"2020-05-06T02:27:42","date_gmt":"2020-05-06T02:27:42","guid":{"rendered":"http:\/\/sulmedia.pt\/?page_id=238"},"modified":"2020-05-07T00:01:36","modified_gmt":"2020-05-07T00:01:36","slug":"servicos","status":"publish","type":"page","link":"https:\/\/www.sulmedia.pt\/ru\/servicos\/","title":{"rendered":"\u041d\u0430\u0448\u0438 \u0443\u0441\u043b\u0443\u0433\u0438"},"content":{"rendered":"\n<p>\u0412\u043d\u0443\u0442\u0440\u0435\u043d\u043d\u0438\u0435 \u0438 \u043d\u0430\u0440\u0443\u0436\u043d\u044b\u0435 \u0438\u0437\u043e\u0431\u0440\u0430\u0436\u0435\u043d\u0438\u044f \u0438 \u0432\u0438\u0434\u0435\u043e, \u0441\u043f\u0435\u0446\u0438\u0430\u043b\u0438\u0437\u0438\u0440\u043e\u0432\u0430\u043d\u043d\u044b\u0435 \u043f\u0440\u043e\u0444\u0435\u0441\u0441\u0438\u043e\u043d\u0430\u043b\u044b, \u0441\u0442\u0443\u0434\u0438\u044f \u0437\u0430\u043f\u0438\u0441\u0438, \u0440\u0435\u0434\u0430\u043a\u0442\u0438\u0440\u043e\u0432\u0430\u043d\u0438\u044f \u0438 \u043f\u043e\u0441\u0442-\u043f\u0440\u043e\u0434\u0430\u043a\u0448\u043d, \u043f\u0440\u044f\u043c\u0430\u044f \u0442\u0440\u0430\u043d\u0441\u043b\u044f\u0446\u0438\u044f \u0438 \u043a\u043e\u043d\u0441\u0430\u043b\u0442\u0438\u043d\u0433\u043e\u0432\u044b\u0435 \u0438 \u0432\u0441\u043f\u043e\u043c\u043e\u0433\u0430\u0442\u0435\u043b\u044c\u043d\u044b\u0435 \u0443\u0441\u043b\u0443\u0433\u0438.<\/p>\n\n\n\n<h3 class=\"has-text-align-center wp-block-heading\">\u00ab\u041c\u044b \u043f\u0440\u0435\u0434\u043e\u0441\u0442\u0430\u0432\u043b\u044f\u0435\u043c \u043a\u043e\u043d\u0441\u0443\u043b\u044c\u0442\u0430\u0446\u0438\u0438 \u0438 \u043f\u043e\u043c\u043e\u0449\u044c \u0432\u0430\u0448\u0435\u043c\u0443 \u043f\u0440\u043e\u0435\u043a\u0442\u0443\u00bb<\/h3>\n\n\n\n<p>\u0423 \u0432\u0430\u0441 \u0435\u0441\u0442\u044c \u0441\u043e\u0431\u044b\u0442\u0438\u0435, \u043a\u043e\u0442\u043e\u0440\u043e\u0435 \u0432\u044b \u0445\u043e\u0442\u0438\u0442\u0435 \u043e\u0441\u0432\u0435\u0442\u0438\u0442\u044c \u043d\u0430 \u0432\u0438\u0434\u0435\u043e \u0438\u043b\u0438 \u0444\u043e\u0442\u043e?<\/p>\n\n\n\n<p>\u043f\u0440\u044f\u043c\u0430\u044f \u0438\u043b\u0438 \u043e\u0442\u0440\u0435\u0434\u0430\u043a\u0442\u0438\u0440\u043e\u0432\u0430\u043d\u043d\u0430\u044f \u0442\u0440\u0430\u043d\u0441\u043b\u044f\u0446\u0438\u044f \u0434\u043b\u044f \u043e\u0442\u043b\u043e\u0436\u0435\u043d\u043d\u043e\u0439 \u0442\u0440\u0430\u043d\u0441\u043b\u044f\u0446\u0438\u0438?<\/p>\n\n\n\n<p>\u0418\u043b\u0438 \u0434\u0430\u0436\u0435 \u0441\u0442\u0443\u0434\u0438\u0439\u043d\u0430\u044f \u0437\u0430\u043f\u0438\u0441\u044c? \u0438 \u0438\u0449\u0435\u0442 \u043f\u0440\u043e\u0444\u0435\u0441\u0441\u0438\u043e\u043d\u0430\u043b\u043e\u0432, \u043e\u0431\u043b\u0430\u0434\u0430\u044e\u0449\u0438\u0445 \u043d\u0435\u043e\u0431\u0445\u043e\u0434\u0438\u043c\u044b\u043c\u0438 \u043d\u0430\u0432\u044b\u043a\u0430\u043c\u0438 \u0434\u043b\u044f \u043e\u0431\u0435\u0441\u043f\u0435\u0447\u0435\u043d\u0438\u044f \u0432\u044b\u0441\u043e\u043a\u043e\u043a\u0430\u0447\u0435\u0441\u0442\u0432\u0435\u043d\u043d\u043e\u0433\u043e \u043f\u0440\u043e\u0438\u0437\u0432\u043e\u0434\u0441\u0442\u0432\u0430 \u0432\u043e \u0432\u0441\u0435\u0445 \u043e\u0431\u043b\u0430\u0441\u0442\u044f\u0445, \u043a\u043e\u0442\u043e\u0440\u044b\u0435 \u043f\u0440\u0435\u0432\u0440\u0430\u0449\u0430\u044e\u0442\u0441\u044f \u0432 \u043f\u0440\u043e\u0434\u0443\u043a\u0442 \u0441\u043e \u0432\u0441\u0435\u043c\u0438 \u0442\u0435\u0445\u043d\u0438\u0447\u0435\u0441\u043a\u0438\u043c\u0438 \u0438 \u0447\u0435\u043b\u043e\u0432\u0435\u0447\u0435\u0441\u043a\u0438\u043c\u0438 \u0442\u0440\u0435\u0431\u043e\u0432\u0430\u043d\u0438\u044f\u043c\u0438, \u043a\u043e\u0442\u043e\u0440\u044b\u0435 \u043f\u043e\u0432\u044b\u0448\u0430\u044e\u0442 \u0446\u0435\u043d\u043d\u043e\u0441\u0442\u044c \u0432\u0430\u0448\u0435\u0433\u043e \u043c\u0435\u0440\u043e\u043f\u0440\u0438\u044f\u0442\u0438\u044f, \u0443 \u043d\u0430\u0441 \u0435\u0441\u0442\u044c \u0442\u043e, \u0447\u0442\u043e \u0432\u0430\u043c \u043d\u0443\u0436\u043d\u043e.<\/p>\n\n\n\n<p>\u041c\u044b \u043f\u0440\u0435\u0434\u043e\u0441\u0442\u0430\u0432\u043b\u044f\u0435\u043c \u043e\u043f\u0435\u0440\u0430\u0442\u043e\u0440\u044b, \u043e\u0431\u043e\u0440\u0443\u0434\u043e\u0432\u0430\u043d\u0438\u0435, \u0443\u0441\u043b\u0443\u0433\u0438 \u0438 \u043f\u0440\u043e\u0438\u0437\u0432\u043e\u0434\u0441\u0442\u0432\u0435\u043d\u043d\u044b\u0435 \u0433\u0440\u0443\u043f\u043f\u044b, \u0441\u043f\u0435\u0446\u0438\u0430\u043b\u0438\u0437\u0438\u0440\u0443\u044e\u0449\u0438\u0435\u0441\u044f \u043d\u0430 \u0442\u0435\u043b\u0435\u0432\u0438\u0434\u0435\u043d\u0438\u0438 \u043b\u044e\u0431\u043e\u0433\u043e \u0441\u0442\u0438\u043b\u044f, \u0444\u043e\u0440\u043c\u0430\u0442\u0430 \u0438 \u0436\u0430\u043d\u0440\u0430.<\/p>\n\n\n\n<h2 class=\"wp-block-heading\">SulMedia \u0441\u0434\u0435\u043b\u0430\u0435\u0442 \u0432\u0430\u0448 \u043f\u0440\u043e\u0435\u043a\u0442 \u043f\u0440\u043e\u0444\u0435\u0441\u0441\u0438\u043e\u043d\u0430\u043b\u044c\u043d\u044b\u043c \u0438 \u043f\u0440\u043e\u0444\u0435\u0441\u0441\u0438\u043e\u043d\u0430\u043b\u044c\u043d\u044b\u043c.<\/h2>\n","protected":false},"excerpt":{"rendered":"<p>\u0412\u043d\u0443\u0442\u0440\u0435\u043d\u043d\u0438\u0435 \u0438 \u043d\u0430\u0440\u0443\u0436\u043d\u044b\u0435 \u0438\u0437\u043e\u0431\u0440\u0430\u0436\u0435\u043d\u0438\u044f \u0438 \u0432\u0438\u0434\u0435\u043e, \u0441\u043f\u0435\u0446\u0438\u0430\u043b\u0438\u0437\u0438\u0440\u043e\u0432\u0430\u043d\u043d\u044b\u0435 \u043f\u0440\u043e\u0444\u0435\u0441\u0441\u0438\u043e\u043d\u0430\u043b\u044b, \u0441\u0442\u0443\u0434\u0438\u044f \u0437\u0430\u043f\u0438\u0441\u0438, \u0440\u0435\u0434\u0430\u043a\u0442\u0438\u0440\u043e\u0432\u0430\u043d\u0438\u044f \u0438 \u043f\u043e\u0441\u0442-\u043f\u0440\u043e\u0434\u0430\u043a\u0448\u043d, \u043f\u0440\u044f\u043c\u0430\u044f \u0442\u0440\u0430\u043d\u0441\u043b\u044f\u0446\u0438\u044f \u0438 \u043a\u043e\u043d\u0441\u0430\u043b\u0442\u0438\u043d\u0433\u043e\u0432\u044b\u0435 \u0438 \u0432\u0441\u043f\u043e\u043c\u043e\u0433\u0430\u0442\u0435\u043b\u044c\u043d\u044b\u0435 \u0443\u0441\u043b\u0443\u0433\u0438. \u00ab\u041c\u044b \u043f\u0440\u0435\u0434\u043e\u0441\u0442\u0430\u0432\u043b\u044f\u0435\u043c \u043a\u043e\u043d\u0441\u0443\u043b\u044c\u0442\u0430\u0446\u0438\u0438 \u0438 \u043f\u043e\u043c\u043e\u0449\u044c \u0432\u0430\u0448\u0435\u043c\u0443 \u043f\u0440\u043e\u0435\u043a\u0442\u0443\u00bb \u0423 \u0432\u0430\u0441 \u0435\u0441\u0442\u044c \u0441\u043e\u0431\u044b\u0442\u0438\u0435, \u043a\u043e\u0442\u043e\u0440\u043e\u0435 \u0432\u044b \u0445\u043e\u0442\u0438\u0442\u0435 \u043e\u0441\u0432\u0435\u0442\u0438\u0442\u044c \u043d\u0430 \u0432\u0438\u0434\u0435\u043e \u0438\u043b\u0438 \u0444\u043e\u0442\u043e? \u043f\u0440\u044f\u043c\u0430\u044f \u0438\u043b\u0438 \u043e\u0442\u0440\u0435\u0434\u0430\u043a\u0442\u0438\u0440\u043e\u0432\u0430\u043d\u043d\u0430\u044f \u0442\u0440\u0430\u043d\u0441\u043b\u044f\u0446\u0438\u044f \u0434\u043b\u044f \u043e\u0442\u043b\u043e\u0436\u0435\u043d\u043d\u043e\u0439 \u0442\u0440\u0430\u043d\u0441\u043b\u044f\u0446\u0438\u0438? \u0418\u043b\u0438 \u0434\u0430\u0436\u0435 \u0441\u0442\u0443\u0434\u0438\u0439\u043d\u0430\u044f \u0437\u0430\u043f\u0438\u0441\u044c? \u0438 \u0438\u0449\u0435\u0442 \u043f\u0440\u043e\u0444\u0435\u0441\u0441\u0438\u043e\u043d\u0430\u043b\u043e\u0432, \u043e\u0431\u043b\u0430\u0434\u0430\u044e\u0449\u0438\u0445 \u043d\u0435\u043e\u0431\u0445\u043e\u0434\u0438\u043c\u044b\u043c\u0438 &hellip; <\/p>\n<p class=\"link-more\"><a href=\"https:\/\/www.sulmedia.pt\/ru\/servicos\/\" class=\"more-link\">Continue reading<span class=\"screen-reader-text\"> &#8220;\u041d\u0430\u0448\u0438 \u0443\u0441\u043b\u0443\u0433\u0438&#8221;<\/span><\/a><\/p>\n","protected":false},"author":1,"featured_media":247,"parent":0,"menu_order":0,"comment_status":"closed","ping_status":"closed","template":"","meta":{"footnotes":""},"class_list":["post-238","page","type-page","status-publish","has-post-thumbnail","hentry"],"yoast_head":"<!-- This site is optimized with the Yoast SEO plugin v27.3 - https:\/\/yoast.com\/product\/yoast-seo-wordpress\/ -->\n<title>\u041d\u0430\u0448\u0438 \u0443\u0441\u043b\u0443\u0433\u0438<\/title>\n<meta name=\"robots\" content=\"index, follow, max-snippet:-1, max-image-preview:large, max-video-preview:-1\" \/>\n<link rel=\"canonical\" href=\"https:\/\/www.sulmedia.pt\/ru\/servicos\/\" \/>\n<meta property=\"og:locale\" content=\"en_US\" \/>\n<meta property=\"og:locale:alternate\" content=\"en_US\" \/>\n<meta property=\"og:locale:alternate\" content=\"pt_PT\" \/>\n<meta property=\"og:locale:alternate\" content=\"Madrid\" \/>\n<meta property=\"og:locale:alternate\" content=\"Pequim\" \/>\n<meta property=\"og:locale:alternate\" content=\"Berlin\" \/>\n<meta property=\"og:type\" content=\"article\" \/>\n<meta property=\"og:title\" content=\"\u041d\u0430\u0448\u0438 \u0443\u0441\u043b\u0443\u0433\u0438\" \/>\n<meta property=\"og:description\" content=\"\u0412\u043d\u0443\u0442\u0440\u0435\u043d\u043d\u0438\u0435 \u0438 \u043d\u0430\u0440\u0443\u0436\u043d\u044b\u0435 \u0438\u0437\u043e\u0431\u0440\u0430\u0436\u0435\u043d\u0438\u044f \u0438 \u0432\u0438\u0434\u0435\u043e, \u0441\u043f\u0435\u0446\u0438\u0430\u043b\u0438\u0437\u0438\u0440\u043e\u0432\u0430\u043d\u043d\u044b\u0435 \u043f\u0440\u043e\u0444\u0435\u0441\u0441\u0438\u043e\u043d\u0430\u043b\u044b, \u0441\u0442\u0443\u0434\u0438\u044f \u0437\u0430\u043f\u0438\u0441\u0438, \u0440\u0435\u0434\u0430\u043a\u0442\u0438\u0440\u043e\u0432\u0430\u043d\u0438\u044f \u0438 \u043f\u043e\u0441\u0442-\u043f\u0440\u043e\u0434\u0430\u043a\u0448\u043d, \u043f\u0440\u044f\u043c\u0430\u044f \u0442\u0440\u0430\u043d\u0441\u043b\u044f\u0446\u0438\u044f \u0438 \u043a\u043e\u043d\u0441\u0430\u043b\u0442\u0438\u043d\u0433\u043e\u0432\u044b\u0435 \u0438 \u0432\u0441\u043f\u043e\u043c\u043e\u0433\u0430\u0442\u0435\u043b\u044c\u043d\u044b\u0435 \u0443\u0441\u043b\u0443\u0433\u0438. \u00ab\u041c\u044b \u043f\u0440\u0435\u0434\u043e\u0441\u0442\u0430\u0432\u043b\u044f\u0435\u043c \u043a\u043e\u043d\u0441\u0443\u043b\u044c\u0442\u0430\u0446\u0438\u0438 \u0438 \u043f\u043e\u043c\u043e\u0449\u044c \u0432\u0430\u0448\u0435\u043c\u0443 \u043f\u0440\u043e\u0435\u043a\u0442\u0443\u00bb \u0423 \u0432\u0430\u0441 \u0435\u0441\u0442\u044c \u0441\u043e\u0431\u044b\u0442\u0438\u0435, \u043a\u043e\u0442\u043e\u0440\u043e\u0435 \u0432\u044b \u0445\u043e\u0442\u0438\u0442\u0435 \u043e\u0441\u0432\u0435\u0442\u0438\u0442\u044c \u043d\u0430 \u0432\u0438\u0434\u0435\u043e \u0438\u043b\u0438 \u0444\u043e\u0442\u043e? \u043f\u0440\u044f\u043c\u0430\u044f \u0438\u043b\u0438 \u043e\u0442\u0440\u0435\u0434\u0430\u043a\u0442\u0438\u0440\u043e\u0432\u0430\u043d\u043d\u0430\u044f \u0442\u0440\u0430\u043d\u0441\u043b\u044f\u0446\u0438\u044f \u0434\u043b\u044f \u043e\u0442\u043b\u043e\u0436\u0435\u043d\u043d\u043e\u0439 \u0442\u0440\u0430\u043d\u0441\u043b\u044f\u0446\u0438\u0438? \u0418\u043b\u0438 \u0434\u0430\u0436\u0435 \u0441\u0442\u0443\u0434\u0438\u0439\u043d\u0430\u044f \u0437\u0430\u043f\u0438\u0441\u044c? \u0438 \u0438\u0449\u0435\u0442 \u043f\u0440\u043e\u0444\u0435\u0441\u0441\u0438\u043e\u043d\u0430\u043b\u043e\u0432, \u043e\u0431\u043b\u0430\u0434\u0430\u044e\u0449\u0438\u0445 \u043d\u0435\u043e\u0431\u0445\u043e\u0434\u0438\u043c\u044b\u043c\u0438 &hellip; Continue reading &quot;\u041d\u0430\u0448\u0438 \u0443\u0441\u043b\u0443\u0433\u0438&quot;\" \/>\n<meta property=\"og:url\" content=\"https:\/\/www.sulmedia.pt\/ru\/servicos\/\" \/>\n<meta property=\"og:site_name\" content=\"Sul Media\" \/>\n<meta property=\"article:modified_time\" content=\"2020-05-07T00:01:36+00:00\" \/>\n<meta property=\"og:image\" content=\"https:\/\/www.sulmedia.pt\/wp-content\/uploads\/2020\/05\/fundos9.png\" \/>\n\t<meta property=\"og:image:width\" content=\"1920\" \/>\n\t<meta property=\"og:image:height\" content=\"1080\" \/>\n\t<meta property=\"og:image:type\" content=\"image\/png\" \/>\n<meta name=\"twitter:card\" content=\"summary_large_image\" \/>\n<meta name=\"twitter:label1\" content=\"Est. reading time\" \/>\n\t<meta name=\"twitter:data1\" content=\"3 minutes\" \/>\n<script type=\"application\/ld+json\" class=\"yoast-schema-graph\">{\"@context\":\"https:\\\/\\\/schema.org\",\"@graph\":[{\"@type\":\"WebPage\",\"@id\":\"https:\\\/\\\/www.sulmedia.pt\\\/servicos\\\/\",\"url\":\"https:\\\/\\\/www.sulmedia.pt\\\/servicos\\\/\",\"name\":\"\u041d\u0430\u0448\u0438 \u0443\u0441\u043b\u0443\u0433\u0438\",\"isPartOf\":{\"@id\":\"https:\\\/\\\/www.sulmedia.pt\\\/#website\"},\"primaryImageOfPage\":{\"@id\":\"https:\\\/\\\/www.sulmedia.pt\\\/servicos\\\/#primaryimage\"},\"image\":{\"@id\":\"https:\\\/\\\/www.sulmedia.pt\\\/servicos\\\/#primaryimage\"},\"thumbnailUrl\":\"https:\\\/\\\/www.sulmedia.pt\\\/wp-content\\\/uploads\\\/2020\\\/05\\\/fundos9.png\",\"datePublished\":\"2020-05-06T02:27:42+00:00\",\"dateModified\":\"2020-05-07T00:01:36+00:00\",\"breadcrumb\":{\"@id\":\"https:\\\/\\\/www.sulmedia.pt\\\/servicos\\\/#breadcrumb\"},\"inLanguage\":\"Moscow\",\"potentialAction\":[{\"@type\":\"ReadAction\",\"target\":[\"https:\\\/\\\/www.sulmedia.pt\\\/servicos\\\/\"]}]},{\"@type\":\"ImageObject\",\"inLanguage\":\"Moscow\",\"@id\":\"https:\\\/\\\/www.sulmedia.pt\\\/servicos\\\/#primaryimage\",\"url\":\"https:\\\/\\\/www.sulmedia.pt\\\/wp-content\\\/uploads\\\/2020\\\/05\\\/fundos9.png\",\"contentUrl\":\"https:\\\/\\\/www.sulmedia.pt\\\/wp-content\\\/uploads\\\/2020\\\/05\\\/fundos9.png\",\"width\":1920,\"height\":1080},{\"@type\":\"BreadcrumbList\",\"@id\":\"https:\\\/\\\/www.sulmedia.pt\\\/servicos\\\/#breadcrumb\",\"itemListElement\":[{\"@type\":\"ListItem\",\"position\":1,\"name\":\"In\u00edcio\",\"item\":\"https:\\\/\\\/www.sulmedia.pt\\\/en\\\/\"},{\"@type\":\"ListItem\",\"position\":2,\"name\":\"Servi\u00e7os\"}]},{\"@type\":\"WebSite\",\"@id\":\"https:\\\/\\\/www.sulmedia.pt\\\/#website\",\"url\":\"https:\\\/\\\/www.sulmedia.pt\\\/\",\"name\":\"Sul Media\",\"description\":\"CAPTURA, EDI\u00c7\u00c3O E BROADCAST EM VIDEO DE ESPECT\u00c1CULOS E EVENTOS\",\"potentialAction\":[{\"@type\":\"SearchAction\",\"target\":{\"@type\":\"EntryPoint\",\"urlTemplate\":\"https:\\\/\\\/www.sulmedia.pt\\\/?s={search_term_string}\"},\"query-input\":{\"@type\":\"PropertyValueSpecification\",\"valueRequired\":true,\"valueName\":\"search_term_string\"}}],\"inLanguage\":\"Moscow\"}]}<\/script>\n<!-- \/ Yoast SEO plugin. -->","yoast_head_json":{"title":"\u041d\u0430\u0448\u0438 \u0443\u0441\u043b\u0443\u0433\u0438","robots":{"index":"index","follow":"follow","max-snippet":"max-snippet:-1","max-image-preview":"max-image-preview:large","max-video-preview":"max-video-preview:-1"},"canonical":"https:\/\/www.sulmedia.pt\/ru\/servicos\/","og_locale":"en_US","og_type":"article","og_title":"[:en]services[:pt]Servi\u00e7os[:es]Nuestros servicios[:ru]\u041d\u0430\u0448\u0438 \u0443\u0441\u043b\u0443\u0433\u0438[:zh]\u6211\u4eec\u7684\u670d\u52a1[:de]Unsere Dienstleistungen[:] - Sul Media","og_description":"\u0412\u043d\u0443\u0442\u0440\u0435\u043d\u043d\u0438\u0435 \u0438 \u043d\u0430\u0440\u0443\u0436\u043d\u044b\u0435 \u0438\u0437\u043e\u0431\u0440\u0430\u0436\u0435\u043d\u0438\u044f \u0438 \u0432\u0438\u0434\u0435\u043e, \u0441\u043f\u0435\u0446\u0438\u0430\u043b\u0438\u0437\u0438\u0440\u043e\u0432\u0430\u043d\u043d\u044b\u0435 \u043f\u0440\u043e\u0444\u0435\u0441\u0441\u0438\u043e\u043d\u0430\u043b\u044b, \u0441\u0442\u0443\u0434\u0438\u044f \u0437\u0430\u043f\u0438\u0441\u0438, \u0440\u0435\u0434\u0430\u043a\u0442\u0438\u0440\u043e\u0432\u0430\u043d\u0438\u044f \u0438 \u043f\u043e\u0441\u0442-\u043f\u0440\u043e\u0434\u0430\u043a\u0448\u043d, \u043f\u0440\u044f\u043c\u0430\u044f \u0442\u0440\u0430\u043d\u0441\u043b\u044f\u0446\u0438\u044f \u0438 \u043a\u043e\u043d\u0441\u0430\u043b\u0442\u0438\u043d\u0433\u043e\u0432\u044b\u0435 \u0438 \u0432\u0441\u043f\u043e\u043c\u043e\u0433\u0430\u0442\u0435\u043b\u044c\u043d\u044b\u0435 \u0443\u0441\u043b\u0443\u0433\u0438. \u00ab\u041c\u044b \u043f\u0440\u0435\u0434\u043e\u0441\u0442\u0430\u0432\u043b\u044f\u0435\u043c \u043a\u043e\u043d\u0441\u0443\u043b\u044c\u0442\u0430\u0446\u0438\u0438 \u0438 \u043f\u043e\u043c\u043e\u0449\u044c \u0432\u0430\u0448\u0435\u043c\u0443 \u043f\u0440\u043e\u0435\u043a\u0442\u0443\u00bb \u0423 \u0432\u0430\u0441 \u0435\u0441\u0442\u044c \u0441\u043e\u0431\u044b\u0442\u0438\u0435, \u043a\u043e\u0442\u043e\u0440\u043e\u0435 \u0432\u044b \u0445\u043e\u0442\u0438\u0442\u0435 \u043e\u0441\u0432\u0435\u0442\u0438\u0442\u044c \u043d\u0430 \u0432\u0438\u0434\u0435\u043e \u0438\u043b\u0438 \u0444\u043e\u0442\u043e? \u043f\u0440\u044f\u043c\u0430\u044f \u0438\u043b\u0438 \u043e\u0442\u0440\u0435\u0434\u0430\u043a\u0442\u0438\u0440\u043e\u0432\u0430\u043d\u043d\u0430\u044f \u0442\u0440\u0430\u043d\u0441\u043b\u044f\u0446\u0438\u044f \u0434\u043b\u044f \u043e\u0442\u043b\u043e\u0436\u0435\u043d\u043d\u043e\u0439 \u0442\u0440\u0430\u043d\u0441\u043b\u044f\u0446\u0438\u0438? \u0418\u043b\u0438 \u0434\u0430\u0436\u0435 \u0441\u0442\u0443\u0434\u0438\u0439\u043d\u0430\u044f \u0437\u0430\u043f\u0438\u0441\u044c? \u0438 \u0438\u0449\u0435\u0442 \u043f\u0440\u043e\u0444\u0435\u0441\u0441\u0438\u043e\u043d\u0430\u043b\u043e\u0432, \u043e\u0431\u043b\u0430\u0434\u0430\u044e\u0449\u0438\u0445 \u043d\u0435\u043e\u0431\u0445\u043e\u0434\u0438\u043c\u044b\u043c\u0438 &hellip; Continue reading \"\u041d\u0430\u0448\u0438 \u0443\u0441\u043b\u0443\u0433\u0438\"","og_url":"https:\/\/www.sulmedia.pt\/ru\/servicos\/","og_site_name":"Sul Media","article_modified_time":"2020-05-07T00:01:36+00:00","og_image":[{"width":1920,"height":1080,"url":"https:\/\/www.sulmedia.pt\/wp-content\/uploads\/2020\/05\/fundos9.png","type":"image\/png"}],"twitter_card":"summary_large_image","twitter_misc":{"Est. reading time":"3 minutes"},"schema":{"@context":"https:\/\/schema.org","@graph":[{"@type":"WebPage","@id":"https:\/\/www.sulmedia.pt\/servicos\/","url":"https:\/\/www.sulmedia.pt\/servicos\/","name":"\u041d\u0430\u0448\u0438 \u0443\u0441\u043b\u0443\u0433\u0438","isPartOf":{"@id":"https:\/\/www.sulmedia.pt\/#website"},"primaryImageOfPage":{"@id":"https:\/\/www.sulmedia.pt\/servicos\/#primaryimage"},"image":{"@id":"https:\/\/www.sulmedia.pt\/servicos\/#primaryimage"},"thumbnailUrl":"https:\/\/www.sulmedia.pt\/wp-content\/uploads\/2020\/05\/fundos9.png","datePublished":"2020-05-06T02:27:42+00:00","dateModified":"2020-05-07T00:01:36+00:00","breadcrumb":{"@id":"https:\/\/www.sulmedia.pt\/servicos\/#breadcrumb"},"inLanguage":"Moscow","potentialAction":[{"@type":"ReadAction","target":["https:\/\/www.sulmedia.pt\/servicos\/"]}]},{"@type":"ImageObject","inLanguage":"Moscow","@id":"https:\/\/www.sulmedia.pt\/servicos\/#primaryimage","url":"https:\/\/www.sulmedia.pt\/wp-content\/uploads\/2020\/05\/fundos9.png","contentUrl":"https:\/\/www.sulmedia.pt\/wp-content\/uploads\/2020\/05\/fundos9.png","width":1920,"height":1080},{"@type":"BreadcrumbList","@id":"https:\/\/www.sulmedia.pt\/servicos\/#breadcrumb","itemListElement":[{"@type":"ListItem","position":1,"name":"In\u00edcio","item":"https:\/\/www.sulmedia.pt\/en\/"},{"@type":"ListItem","position":2,"name":"Servi\u00e7os"}]},{"@type":"WebSite","@id":"https:\/\/www.sulmedia.pt\/#website","url":"https:\/\/www.sulmedia.pt\/","name":"Sul Media","description":"CAPTURA, EDI\u00c7\u00c3O E BROADCAST EM VIDEO DE ESPECT\u00c1CULOS E EVENTOS","potentialAction":[{"@type":"SearchAction","target":{"@type":"EntryPoint","urlTemplate":"https:\/\/www.sulmedia.pt\/?s={search_term_string}"},"query-input":{"@type":"PropertyValueSpecification","valueRequired":true,"valueName":"search_term_string"}}],"inLanguage":"Moscow"}]}},"_links":{"self":[{"href":"https:\/\/www.sulmedia.pt\/ru\/wp-json\/wp\/v2\/pages\/238","targetHints":{"allow":["GET"]}}],"collection":[{"href":"https:\/\/www.sulmedia.pt\/ru\/wp-json\/wp\/v2\/pages"}],"about":[{"href":"https:\/\/www.sulmedia.pt\/ru\/wp-json\/wp\/v2\/types\/page"}],"author":[{"embeddable":true,"href":"https:\/\/www.sulmedia.pt\/ru\/wp-json\/wp\/v2\/users\/1"}],"replies":[{"embeddable":true,"href":"https:\/\/www.sulmedia.pt\/ru\/wp-json\/wp\/v2\/comments?post=238"}],"version-history":[{"count":13,"href":"https:\/\/www.sulmedia.pt\/ru\/wp-json\/wp\/v2\/pages\/238\/revisions"}],"predecessor-version":[{"id":381,"href":"https:\/\/www.sulmedia.pt\/ru\/wp-json\/wp\/v2\/pages\/238\/revisions\/381"}],"wp:featuredmedia":[{"embeddable":true,"href":"https:\/\/www.sulmedia.pt\/ru\/wp-json\/wp\/v2\/media\/247"}],"wp:attachment":[{"href":"https:\/\/www.sulmedia.pt\/ru\/wp-json\/wp\/v2\/media?parent=238"}],"curies":[{"name":"wp","href":"https:\/\/api.w.org\/{rel}","templated":true}]}}