{"id":106,"date":"2020-05-06T00:49:49","date_gmt":"2020-05-06T00:49:49","guid":{"rendered":"http:\/\/sulmedia.pt\/?page_id=106"},"modified":"2020-05-07T00:02:22","modified_gmt":"2020-05-07T00:02:22","slug":"home","status":"publish","type":"page","link":"https:\/\/www.sulmedia.pt\/ru\/","title":{"rendered":"Sul Media"},"content":{"rendered":"\n<h4 class=\"wp-block-heading\">\u0417\u0430\u0445\u0432\u0430\u0442, \u0432\u0438\u0434\u0435\u043e\u043f\u0435\u0440\u0435\u0434\u0430\u0447\u0430, \u0432\u044b\u043f\u0443\u0441\u043a \u0448\u043e\u0443, \u043c\u0435\u0440\u043e\u043f\u0440\u0438\u044f\u0442\u0438\u0439, \u043a\u043e\u043d\u0444\u0435\u0440\u0435\u043d\u0446\u0438\u0439, \u0436\u0443\u0440\u043d\u0430\u043b\u0438\u0441\u0442\u0438\u043a\u0430.<\/h4>\n\n\n\n<p><strong>Sul Media<\/strong> &#8211; \u043a\u043e\u043c\u043f\u0430\u043d\u0438\u044f, \u0441\u043f\u0435\u0446\u0438\u0430\u043b\u0438\u0437\u0438\u0440\u0443\u044e\u0449\u0430\u044f\u0441\u044f \u043d\u0430 \u0432\u0438\u0434\u0435\u043e \u0438 \u0432\u0435\u0449\u0430\u043d\u0438\u0438, \u043a\u043e\u0442\u043e\u0440\u0430\u044f \u043f\u0440\u0435\u0434\u043e\u0441\u0442\u0430\u0432\u043b\u044f\u0435\u0442 \u0433\u0438\u0431\u043a\u0438\u0435 \u0438 \u044d\u0444\u0444\u0435\u043a\u0442\u0438\u0432\u043d\u044b\u0435 \u0440\u0435\u0448\u0435\u043d\u0438\u044f \u0432\u043e \u0432\u0441\u0435\u0445 \u043e\u0431\u043b\u0430\u0441\u0442\u044f\u0445, \u0441\u0432\u044f\u0437\u0430\u043d\u043d\u044b\u0445 \u0441 \u0437\u0430\u0445\u0432\u0430\u0442\u043e\u043c, \u0440\u0435\u0434\u0430\u043a\u0442\u0438\u0440\u043e\u0432\u0430\u043d\u0438\u0435\u043c \u0438 \u043f\u0435\u0440\u0435\u0434\u0430\u0447\u0435\u0439 \u0436\u0438\u0432\u044b\u0445 \u0441\u043e\u0431\u044b\u0442\u0438\u0439.<\/p>\n","protected":false},"excerpt":{"rendered":"<p>\u0417\u0430\u0445\u0432\u0430\u0442, \u0432\u0438\u0434\u0435\u043e\u043f\u0435\u0440\u0435\u0434\u0430\u0447\u0430, \u0432\u044b\u043f\u0443\u0441\u043a \u0448\u043e\u0443, \u043c\u0435\u0440\u043e\u043f\u0440\u0438\u044f\u0442\u0438\u0439, \u043a\u043e\u043d\u0444\u0435\u0440\u0435\u043d\u0446\u0438\u0439, \u0436\u0443\u0440\u043d\u0430\u043b\u0438\u0441\u0442\u0438\u043a\u0430. Sul Media &#8211; \u043a\u043e\u043c\u043f\u0430\u043d\u0438\u044f, \u0441\u043f\u0435\u0446\u0438\u0430\u043b\u0438\u0437\u0438\u0440\u0443\u044e\u0449\u0430\u044f\u0441\u044f \u043d\u0430 \u0432\u0438\u0434\u0435\u043e \u0438 \u0432\u0435\u0449\u0430\u043d\u0438\u0438, \u043a\u043e\u0442\u043e\u0440\u0430\u044f \u043f\u0440\u0435\u0434\u043e\u0441\u0442\u0430\u0432\u043b\u044f\u0435\u0442 \u0433\u0438\u0431\u043a\u0438\u0435 \u0438 \u044d\u0444\u0444\u0435\u043a\u0442\u0438\u0432\u043d\u044b\u0435 \u0440\u0435\u0448\u0435\u043d\u0438\u044f \u0432\u043e \u0432\u0441\u0435\u0445 \u043e\u0431\u043b\u0430\u0441\u0442\u044f\u0445, \u0441\u0432\u044f\u0437\u0430\u043d\u043d\u044b\u0445 \u0441 \u0437\u0430\u0445\u0432\u0430\u0442\u043e\u043c, \u0440\u0435\u0434\u0430\u043a\u0442\u0438\u0440\u043e\u0432\u0430\u043d\u0438\u0435\u043c \u0438 \u043f\u0435\u0440\u0435\u0434\u0430\u0447\u0435\u0439 \u0436\u0438\u0432\u044b\u0445 \u0441\u043e\u0431\u044b\u0442\u0438\u0439.<\/p>\n","protected":false},"author":1,"featured_media":0,"parent":0,"menu_order":0,"comment_status":"closed","ping_status":"closed","template":"","meta":{"footnotes":""},"class_list":["post-106","page","type-page","status-publish","hentry"],"yoast_head":"<!-- This site is optimized with the Yoast SEO plugin v27.3 - https:\/\/yoast.com\/product\/yoast-seo-wordpress\/ -->\n<title>Sul Media<\/title>\n<meta name=\"robots\" content=\"index, follow, max-snippet:-1, max-image-preview:large, max-video-preview:-1\" \/>\n<link rel=\"canonical\" href=\"https:\/\/www.sulmedia.pt\/ru\/\" \/>\n<meta property=\"og:locale\" content=\"en_US\" \/>\n<meta property=\"og:locale:alternate\" content=\"en_US\" \/>\n<meta property=\"og:locale:alternate\" content=\"pt_PT\" \/>\n<meta property=\"og:locale:alternate\" content=\"Madrid\" \/>\n<meta property=\"og:locale:alternate\" content=\"Pequim\" \/>\n<meta property=\"og:locale:alternate\" content=\"Berlin\" \/>\n<meta property=\"og:type\" content=\"article\" \/>\n<meta property=\"og:title\" content=\"Sul Media\" \/>\n<meta property=\"og:description\" content=\"\u0417\u0430\u0445\u0432\u0430\u0442, \u0432\u0438\u0434\u0435\u043e\u043f\u0435\u0440\u0435\u0434\u0430\u0447\u0430, \u0432\u044b\u043f\u0443\u0441\u043a \u0448\u043e\u0443, \u043c\u0435\u0440\u043e\u043f\u0440\u0438\u044f\u0442\u0438\u0439, \u043a\u043e\u043d\u0444\u0435\u0440\u0435\u043d\u0446\u0438\u0439, \u0436\u0443\u0440\u043d\u0430\u043b\u0438\u0441\u0442\u0438\u043a\u0430. Sul Media &#8211; \u043a\u043e\u043c\u043f\u0430\u043d\u0438\u044f, \u0441\u043f\u0435\u0446\u0438\u0430\u043b\u0438\u0437\u0438\u0440\u0443\u044e\u0449\u0430\u044f\u0441\u044f \u043d\u0430 \u0432\u0438\u0434\u0435\u043e \u0438 \u0432\u0435\u0449\u0430\u043d\u0438\u0438, \u043a\u043e\u0442\u043e\u0440\u0430\u044f \u043f\u0440\u0435\u0434\u043e\u0441\u0442\u0430\u0432\u043b\u044f\u0435\u0442 \u0433\u0438\u0431\u043a\u0438\u0435 \u0438 \u044d\u0444\u0444\u0435\u043a\u0442\u0438\u0432\u043d\u044b\u0435 \u0440\u0435\u0448\u0435\u043d\u0438\u044f \u0432\u043e \u0432\u0441\u0435\u0445 \u043e\u0431\u043b\u0430\u0441\u0442\u044f\u0445, \u0441\u0432\u044f\u0437\u0430\u043d\u043d\u044b\u0445 \u0441 \u0437\u0430\u0445\u0432\u0430\u0442\u043e\u043c, \u0440\u0435\u0434\u0430\u043a\u0442\u0438\u0440\u043e\u0432\u0430\u043d\u0438\u0435\u043c \u0438 \u043f\u0435\u0440\u0435\u0434\u0430\u0447\u0435\u0439 \u0436\u0438\u0432\u044b\u0445 \u0441\u043e\u0431\u044b\u0442\u0438\u0439.\" \/>\n<meta property=\"og:url\" content=\"https:\/\/www.sulmedia.pt\/ru\/\" \/>\n<meta property=\"og:site_name\" content=\"Sul Media\" \/>\n<meta property=\"article:modified_time\" content=\"2020-05-07T00:02:22+00:00\" \/>\n<meta name=\"twitter:card\" content=\"summary_large_image\" \/>\n<meta name=\"twitter:label1\" content=\"Est. reading time\" \/>\n\t<meta name=\"twitter:data1\" content=\"1 minute\" \/>\n<script type=\"application\/ld+json\" class=\"yoast-schema-graph\">{\"@context\":\"https:\\\/\\\/schema.org\",\"@graph\":[{\"@type\":\"WebPage\",\"@id\":\"https:\\\/\\\/www.sulmedia.pt\\\/en\\\/\",\"url\":\"https:\\\/\\\/www.sulmedia.pt\\\/en\\\/\",\"name\":\"Sul Media\",\"isPartOf\":{\"@id\":\"https:\\\/\\\/www.sulmedia.pt\\\/#website\"},\"datePublished\":\"2020-05-06T00:49:49+00:00\",\"dateModified\":\"2020-05-07T00:02:22+00:00\",\"breadcrumb\":{\"@id\":\"https:\\\/\\\/www.sulmedia.pt\\\/en\\\/#breadcrumb\"},\"inLanguage\":\"Moscow\",\"potentialAction\":[{\"@type\":\"ReadAction\",\"target\":[\"https:\\\/\\\/www.sulmedia.pt\\\/en\\\/\"]}]},{\"@type\":\"BreadcrumbList\",\"@id\":\"https:\\\/\\\/www.sulmedia.pt\\\/en\\\/#breadcrumb\",\"itemListElement\":[{\"@type\":\"ListItem\",\"position\":1,\"name\":\"In\u00edcio\",\"item\":\"https:\\\/\\\/www.sulmedia.pt\\\/en\\\/\"},{\"@type\":\"ListItem\",\"position\":2,\"name\":\"Sul Media\"}]},{\"@type\":\"WebSite\",\"@id\":\"https:\\\/\\\/www.sulmedia.pt\\\/#website\",\"url\":\"https:\\\/\\\/www.sulmedia.pt\\\/\",\"name\":\"Sul Media\",\"description\":\"CAPTURA, EDI\u00c7\u00c3O E BROADCAST EM VIDEO DE ESPECT\u00c1CULOS E EVENTOS\",\"potentialAction\":[{\"@type\":\"SearchAction\",\"target\":{\"@type\":\"EntryPoint\",\"urlTemplate\":\"https:\\\/\\\/www.sulmedia.pt\\\/?s={search_term_string}\"},\"query-input\":{\"@type\":\"PropertyValueSpecification\",\"valueRequired\":true,\"valueName\":\"search_term_string\"}}],\"inLanguage\":\"Moscow\"}]}<\/script>\n<!-- \/ Yoast SEO plugin. -->","yoast_head_json":{"title":"Sul Media","robots":{"index":"index","follow":"follow","max-snippet":"max-snippet:-1","max-image-preview":"max-image-preview:large","max-video-preview":"max-video-preview:-1"},"canonical":"https:\/\/www.sulmedia.pt\/ru\/","og_locale":"en_US","og_type":"article","og_title":"[:en]Sul Media[:pt]Sul Media[:ru]Sul Media[:zh]Sul Media[:] - Sul Media","og_description":"\u0417\u0430\u0445\u0432\u0430\u0442, \u0432\u0438\u0434\u0435\u043e\u043f\u0435\u0440\u0435\u0434\u0430\u0447\u0430, \u0432\u044b\u043f\u0443\u0441\u043a \u0448\u043e\u0443, \u043c\u0435\u0440\u043e\u043f\u0440\u0438\u044f\u0442\u0438\u0439, \u043a\u043e\u043d\u0444\u0435\u0440\u0435\u043d\u0446\u0438\u0439, \u0436\u0443\u0440\u043d\u0430\u043b\u0438\u0441\u0442\u0438\u043a\u0430. Sul Media &#8211; \u043a\u043e\u043c\u043f\u0430\u043d\u0438\u044f, \u0441\u043f\u0435\u0446\u0438\u0430\u043b\u0438\u0437\u0438\u0440\u0443\u044e\u0449\u0430\u044f\u0441\u044f \u043d\u0430 \u0432\u0438\u0434\u0435\u043e \u0438 \u0432\u0435\u0449\u0430\u043d\u0438\u0438, \u043a\u043e\u0442\u043e\u0440\u0430\u044f \u043f\u0440\u0435\u0434\u043e\u0441\u0442\u0430\u0432\u043b\u044f\u0435\u0442 \u0433\u0438\u0431\u043a\u0438\u0435 \u0438 \u044d\u0444\u0444\u0435\u043a\u0442\u0438\u0432\u043d\u044b\u0435 \u0440\u0435\u0448\u0435\u043d\u0438\u044f \u0432\u043e \u0432\u0441\u0435\u0445 \u043e\u0431\u043b\u0430\u0441\u0442\u044f\u0445, \u0441\u0432\u044f\u0437\u0430\u043d\u043d\u044b\u0445 \u0441 \u0437\u0430\u0445\u0432\u0430\u0442\u043e\u043c, \u0440\u0435\u0434\u0430\u043a\u0442\u0438\u0440\u043e\u0432\u0430\u043d\u0438\u0435\u043c \u0438 \u043f\u0435\u0440\u0435\u0434\u0430\u0447\u0435\u0439 \u0436\u0438\u0432\u044b\u0445 \u0441\u043e\u0431\u044b\u0442\u0438\u0439.","og_url":"https:\/\/www.sulmedia.pt\/ru\/","og_site_name":"Sul Media","article_modified_time":"2020-05-07T00:02:22+00:00","twitter_card":"summary_large_image","twitter_misc":{"Est. reading time":"1 minute"},"schema":{"@context":"https:\/\/schema.org","@graph":[{"@type":"WebPage","@id":"https:\/\/www.sulmedia.pt\/en\/","url":"https:\/\/www.sulmedia.pt\/en\/","name":"Sul Media","isPartOf":{"@id":"https:\/\/www.sulmedia.pt\/#website"},"datePublished":"2020-05-06T00:49:49+00:00","dateModified":"2020-05-07T00:02:22+00:00","breadcrumb":{"@id":"https:\/\/www.sulmedia.pt\/en\/#breadcrumb"},"inLanguage":"Moscow","potentialAction":[{"@type":"ReadAction","target":["https:\/\/www.sulmedia.pt\/en\/"]}]},{"@type":"BreadcrumbList","@id":"https:\/\/www.sulmedia.pt\/en\/#breadcrumb","itemListElement":[{"@type":"ListItem","position":1,"name":"In\u00edcio","item":"https:\/\/www.sulmedia.pt\/en\/"},{"@type":"ListItem","position":2,"name":"Sul Media"}]},{"@type":"WebSite","@id":"https:\/\/www.sulmedia.pt\/#website","url":"https:\/\/www.sulmedia.pt\/","name":"Sul Media","description":"CAPTURA, EDI\u00c7\u00c3O E BROADCAST EM VIDEO DE ESPECT\u00c1CULOS E EVENTOS","potentialAction":[{"@type":"SearchAction","target":{"@type":"EntryPoint","urlTemplate":"https:\/\/www.sulmedia.pt\/?s={search_term_string}"},"query-input":{"@type":"PropertyValueSpecification","valueRequired":true,"valueName":"search_term_string"}}],"inLanguage":"Moscow"}]}},"_links":{"self":[{"href":"https:\/\/www.sulmedia.pt\/ru\/wp-json\/wp\/v2\/pages\/106","targetHints":{"allow":["GET"]}}],"collection":[{"href":"https:\/\/www.sulmedia.pt\/ru\/wp-json\/wp\/v2\/pages"}],"about":[{"href":"https:\/\/www.sulmedia.pt\/ru\/wp-json\/wp\/v2\/types\/page"}],"author":[{"embeddable":true,"href":"https:\/\/www.sulmedia.pt\/ru\/wp-json\/wp\/v2\/users\/1"}],"replies":[{"embeddable":true,"href":"https:\/\/www.sulmedia.pt\/ru\/wp-json\/wp\/v2\/comments?post=106"}],"version-history":[{"count":30,"href":"https:\/\/www.sulmedia.pt\/ru\/wp-json\/wp\/v2\/pages\/106\/revisions"}],"predecessor-version":[{"id":382,"href":"https:\/\/www.sulmedia.pt\/ru\/wp-json\/wp\/v2\/pages\/106\/revisions\/382"}],"wp:attachment":[{"href":"https:\/\/www.sulmedia.pt\/ru\/wp-json\/wp\/v2\/media?parent=106"}],"curies":[{"name":"wp","href":"https:\/\/api.w.org\/{rel}","templated":true}]}}