{"id":240,"date":"2020-05-06T02:27:42","date_gmt":"2020-05-06T02:27:42","guid":{"rendered":"http:\/\/sulmedia.pt\/?page_id=240"},"modified":"2023-04-25T19:44:49","modified_gmt":"2023-04-25T19:44:49","slug":"obvan","status":"publish","type":"page","link":"https:\/\/www.sulmedia.pt\/es\/obvan\/","title":{"rendered":"OBVAN"},"content":{"rendered":"\n<p>Mercedes-Benz Sprinter equipado desde hace mucho tiempo con<\/p>\n\n\n\n<p>1 ATEM 2 M\/E&nbsp;Constellation&nbsp;HD (intercomunicador integrado)<\/p>\n\n\n\n<p>1 estudio de producci\u00f3n ATEM&nbsp;4K<\/p>\n\n\n\n<p>5 C\u00e1mara Blackmagic Studio (intercomunicador incorporado)<\/p>\n\n\n\n<p>5 Blackmagic Studio Converter (intercomunicador incorporado)<\/p>\n\n\n\n<p>1 puente de transmisi\u00f3n ATEM (intercomunicador incorporado)<\/p>\n\n\n\n<p>1 Blackmagic URSA Broadcast G2 (intercomunicador incorporado)<\/p>\n\n\n\n<p>1 Presentador BlackmagicWeb HD<\/p>\n\n\n\n<p>1 mac pro<\/p>\n\n\n\n<p>Mimo en vivo<\/p>\n\n\n\n<p>3 monitores<\/p>\n\n\n\n<p>29 entrada SDI<\/p>\n\n\n\n<p>10 salidas SDI<\/p>\n\n\n\n<p>1 caja de resonancia Zoom L-12<\/p>\n\n\n\n<p>1 Antena Starlink<\/p>\n\n\n\n<p>2 Routers 4G (meo y vodafone)<\/p>\n\n\n\n<p>1 Streamdeck XL<\/p>\n\n\n\n<p>1 Canon S\u00faper 21 (7 mm &#8211; 150 mm)<\/p>\n\n\n\n<p>1 Fujinon A18x7.6 (7.6mm &#8211; 137mm)<\/p>\n\n\n\n<figure class=\"wp-block-gallery has-nested-images columns-default is-cropped wp-block-gallery-1 is-layout-flex wp-block-gallery-is-layout-flex\">\n<figure class=\"wp-block-image size-large\"><img loading=\"lazy\" decoding=\"async\" width=\"1024\" height=\"768\" data-id=\"509\" src=\"http:\/\/www.sulmedia.pt\/wp-content\/uploads\/2023\/04\/WhatsApp-Image-2023-03-29-at-22.47.53-1-1024x768.jpeg\" alt=\"\" class=\"wp-image-509\" srcset=\"https:\/\/www.sulmedia.pt\/wp-content\/uploads\/2023\/04\/WhatsApp-Image-2023-03-29-at-22.47.53-1-1024x768.jpeg 1024w, https:\/\/www.sulmedia.pt\/wp-content\/uploads\/2023\/04\/WhatsApp-Image-2023-03-29-at-22.47.53-1-300x225.jpeg 300w, https:\/\/www.sulmedia.pt\/wp-content\/uploads\/2023\/04\/WhatsApp-Image-2023-03-29-at-22.47.53-1-768x576.jpeg 768w, https:\/\/www.sulmedia.pt\/wp-content\/uploads\/2023\/04\/WhatsApp-Image-2023-03-29-at-22.47.53-1-1536x1152.jpeg 1536w, https:\/\/www.sulmedia.pt\/wp-content\/uploads\/2023\/04\/WhatsApp-Image-2023-03-29-at-22.47.53-1.jpeg 2048w\" sizes=\"auto, (max-width: 767px) 89vw, (max-width: 1000px) 54vw, (max-width: 1071px) 543px, 580px\" \/><\/figure>\n\n\n\n<figure class=\"wp-block-image size-large\"><img loading=\"lazy\" decoding=\"async\" width=\"768\" height=\"1024\" data-id=\"514\" src=\"http:\/\/www.sulmedia.pt\/wp-content\/uploads\/2023\/04\/WhatsApp-Image-2023-03-29-at-22.47.53-768x1024.jpeg\" alt=\"\" class=\"wp-image-514\" srcset=\"https:\/\/www.sulmedia.pt\/wp-content\/uploads\/2023\/04\/WhatsApp-Image-2023-03-29-at-22.47.53-768x1024.jpeg 768w, https:\/\/www.sulmedia.pt\/wp-content\/uploads\/2023\/04\/WhatsApp-Image-2023-03-29-at-22.47.53-225x300.jpeg 225w, https:\/\/www.sulmedia.pt\/wp-content\/uploads\/2023\/04\/WhatsApp-Image-2023-03-29-at-22.47.53-1152x1536.jpeg 1152w, https:\/\/www.sulmedia.pt\/wp-content\/uploads\/2023\/04\/WhatsApp-Image-2023-03-29-at-22.47.53.jpeg 1536w\" sizes=\"auto, (max-width: 767px) 89vw, (max-width: 1000px) 54vw, (max-width: 1071px) 543px, 580px\" \/><\/figure>\n\n\n\n<figure class=\"wp-block-image size-large\"><img loading=\"lazy\" decoding=\"async\" width=\"1024\" height=\"768\" data-id=\"513\" src=\"http:\/\/www.sulmedia.pt\/wp-content\/uploads\/2023\/04\/WhatsApp-Image-2023-03-29-at-22.47.52-1-1024x768.jpeg\" alt=\"\" class=\"wp-image-513\" srcset=\"https:\/\/www.sulmedia.pt\/wp-content\/uploads\/2023\/04\/WhatsApp-Image-2023-03-29-at-22.47.52-1-1024x768.jpeg 1024w, https:\/\/www.sulmedia.pt\/wp-content\/uploads\/2023\/04\/WhatsApp-Image-2023-03-29-at-22.47.52-1-300x225.jpeg 300w, https:\/\/www.sulmedia.pt\/wp-content\/uploads\/2023\/04\/WhatsApp-Image-2023-03-29-at-22.47.52-1-768x576.jpeg 768w, https:\/\/www.sulmedia.pt\/wp-content\/uploads\/2023\/04\/WhatsApp-Image-2023-03-29-at-22.47.52-1-1536x1152.jpeg 1536w, https:\/\/www.sulmedia.pt\/wp-content\/uploads\/2023\/04\/WhatsApp-Image-2023-03-29-at-22.47.52-1.jpeg 2048w\" sizes=\"auto, (max-width: 767px) 89vw, (max-width: 1000px) 54vw, (max-width: 1071px) 543px, 580px\" \/><\/figure>\n\n\n\n<figure class=\"wp-block-image size-large\"><img loading=\"lazy\" decoding=\"async\" width=\"768\" height=\"1024\" data-id=\"512\" src=\"http:\/\/www.sulmedia.pt\/wp-content\/uploads\/2023\/04\/WhatsApp-Image-2023-02-15-at-22.39.33-768x1024.jpeg\" alt=\"\" class=\"wp-image-512\" srcset=\"https:\/\/www.sulmedia.pt\/wp-content\/uploads\/2023\/04\/WhatsApp-Image-2023-02-15-at-22.39.33-768x1024.jpeg 768w, https:\/\/www.sulmedia.pt\/wp-content\/uploads\/2023\/04\/WhatsApp-Image-2023-02-15-at-22.39.33-225x300.jpeg 225w, https:\/\/www.sulmedia.pt\/wp-content\/uploads\/2023\/04\/WhatsApp-Image-2023-02-15-at-22.39.33-1152x1536.jpeg 1152w, https:\/\/www.sulmedia.pt\/wp-content\/uploads\/2023\/04\/WhatsApp-Image-2023-02-15-at-22.39.33.jpeg 1536w\" sizes=\"auto, (max-width: 767px) 89vw, (max-width: 1000px) 54vw, (max-width: 1071px) 543px, 580px\" \/><\/figure>\n\n\n\n<figure class=\"wp-block-image size-large\"><img loading=\"lazy\" decoding=\"async\" width=\"1024\" height=\"768\" data-id=\"510\" src=\"http:\/\/www.sulmedia.pt\/wp-content\/uploads\/2023\/04\/WhatsApp-Image-2023-02-15-at-22.39.34-1024x768.jpeg\" alt=\"\" class=\"wp-image-510\" srcset=\"https:\/\/www.sulmedia.pt\/wp-content\/uploads\/2023\/04\/WhatsApp-Image-2023-02-15-at-22.39.34-1024x768.jpeg 1024w, https:\/\/www.sulmedia.pt\/wp-content\/uploads\/2023\/04\/WhatsApp-Image-2023-02-15-at-22.39.34-300x225.jpeg 300w, https:\/\/www.sulmedia.pt\/wp-content\/uploads\/2023\/04\/WhatsApp-Image-2023-02-15-at-22.39.34-768x576.jpeg 768w, https:\/\/www.sulmedia.pt\/wp-content\/uploads\/2023\/04\/WhatsApp-Image-2023-02-15-at-22.39.34-1536x1152.jpeg 1536w, https:\/\/www.sulmedia.pt\/wp-content\/uploads\/2023\/04\/WhatsApp-Image-2023-02-15-at-22.39.34.jpeg 2048w\" sizes=\"auto, (max-width: 767px) 89vw, (max-width: 1000px) 54vw, (max-width: 1071px) 543px, 580px\" \/><\/figure>\n<\/figure>\n\n\n\n<figure class=\"wp-block-image size-large is-resized\"><img loading=\"lazy\" decoding=\"async\" src=\"http:\/\/www.sulmedia.pt\/wp-content\/uploads\/2023\/04\/WhatsApp-Image-2023-03-29-at-22.47.52-1024x768.jpeg\" alt=\"\" class=\"wp-image-508\" width=\"746\" height=\"559\" srcset=\"https:\/\/www.sulmedia.pt\/wp-content\/uploads\/2023\/04\/WhatsApp-Image-2023-03-29-at-22.47.52-1024x768.jpeg 1024w, https:\/\/www.sulmedia.pt\/wp-content\/uploads\/2023\/04\/WhatsApp-Image-2023-03-29-at-22.47.52-300x225.jpeg 300w, https:\/\/www.sulmedia.pt\/wp-content\/uploads\/2023\/04\/WhatsApp-Image-2023-03-29-at-22.47.52-768x576.jpeg 768w, https:\/\/www.sulmedia.pt\/wp-content\/uploads\/2023\/04\/WhatsApp-Image-2023-03-29-at-22.47.52-1536x1152.jpeg 1536w, https:\/\/www.sulmedia.pt\/wp-content\/uploads\/2023\/04\/WhatsApp-Image-2023-03-29-at-22.47.52.jpeg 2048w\" sizes=\"auto, (max-width: 706px) 89vw, (max-width: 767px) 82vw, 740px\" \/><\/figure>\n\n\n\n<figure class=\"wp-block-gallery has-nested-images columns-default is-cropped wp-block-gallery-2 is-layout-flex wp-block-gallery-is-layout-flex\">\n<figure class=\"wp-block-image size-large\"><img loading=\"lazy\" decoding=\"async\" width=\"675\" height=\"588\" data-id=\"411\" src=\"http:\/\/www.sulmedia.pt\/wp-content\/uploads\/2020\/05\/FULLHD-1.png\" alt=\"\" class=\"wp-image-411\" srcset=\"https:\/\/www.sulmedia.pt\/wp-content\/uploads\/2020\/05\/FULLHD-1.png 675w, https:\/\/www.sulmedia.pt\/wp-content\/uploads\/2020\/05\/FULLHD-1-300x261.png 300w\" sizes=\"auto, (max-width: 675px) 100vw, 675px\" \/><\/figure>\n\n\n\n<figure class=\"wp-block-image size-large\"><img loading=\"lazy\" decoding=\"async\" width=\"675\" height=\"588\" data-id=\"410\" src=\"http:\/\/www.sulmedia.pt\/wp-content\/uploads\/2020\/05\/UHD4k.png\" alt=\"\" class=\"wp-image-410\" srcset=\"https:\/\/www.sulmedia.pt\/wp-content\/uploads\/2020\/05\/UHD4k.png 675w, https:\/\/www.sulmedia.pt\/wp-content\/uploads\/2020\/05\/UHD4k-300x261.png 300w\" sizes=\"auto, (max-width: 675px) 100vw, 675px\" \/><\/figure>\n\n\n\n<figure class=\"wp-block-image size-large\"><img loading=\"lazy\" decoding=\"async\" width=\"675\" height=\"588\" data-id=\"409\" src=\"http:\/\/www.sulmedia.pt\/wp-content\/uploads\/2020\/05\/4k.png\" alt=\"\" class=\"wp-image-409\" srcset=\"https:\/\/www.sulmedia.pt\/wp-content\/uploads\/2020\/05\/4k.png 675w, https:\/\/www.sulmedia.pt\/wp-content\/uploads\/2020\/05\/4k-300x261.png 300w\" sizes=\"auto, (max-width: 675px) 100vw, 675px\" \/><\/figure>\n<\/figure>\n","protected":false},"excerpt":{"rendered":"<p>Mercedes-Benz Sprinter equipado desde hace mucho tiempo con 1 ATEM 2 M\/E&nbsp;Constellation&nbsp;HD (intercomunicador integrado) 1 estudio de producci\u00f3n ATEM&nbsp;4K 5 C\u00e1mara Blackmagic Studio (intercomunicador incorporado) 5 Blackmagic Studio Converter (intercomunicador incorporado) 1 puente de transmisi\u00f3n ATEM (intercomunicador incorporado) 1 Blackmagic URSA Broadcast G2 (intercomunicador incorporado) 1 Presentador BlackmagicWeb HD 1 mac pro Mimo en vivo &hellip; <\/p>\n<p class=\"link-more\"><a href=\"https:\/\/www.sulmedia.pt\/es\/obvan\/\" class=\"more-link\">Continuar leyendo<span class=\"screen-reader-text\"> \u00abOBVAN\u00bb<\/span><\/a><\/p>\n","protected":false},"author":1,"featured_media":247,"parent":0,"menu_order":0,"comment_status":"closed","ping_status":"closed","template":"","meta":{"footnotes":""},"class_list":["post-240","page","type-page","status-publish","has-post-thumbnail","hentry"],"yoast_head":"<!-- This site is optimized with the Yoast SEO plugin v27.3 - https:\/\/yoast.com\/product\/yoast-seo-wordpress\/ -->\n<title>OBVAN<\/title>\n<meta name=\"robots\" content=\"index, follow, max-snippet:-1, max-image-preview:large, max-video-preview:-1\" \/>\n<link rel=\"canonical\" href=\"https:\/\/www.sulmedia.pt\/es\/obvan\/\" \/>\n<meta property=\"og:locale\" content=\"es_ES\" \/>\n<meta property=\"og:locale:alternate\" content=\"en_US\" \/>\n<meta property=\"og:locale:alternate\" content=\"pt_PT\" \/>\n<meta property=\"og:locale:alternate\" content=\"Moscow\" \/>\n<meta property=\"og:locale:alternate\" content=\"Pequim\" \/>\n<meta property=\"og:locale:alternate\" content=\"Berlin\" \/>\n<meta property=\"og:type\" content=\"article\" \/>\n<meta property=\"og:title\" content=\"OBVAN\" \/>\n<meta property=\"og:description\" content=\"Mercedes-Benz Sprinter equipado desde hace mucho tiempo con 1 ATEM 2 M\/E&nbsp;Constellation&nbsp;HD (intercomunicador integrado) 1 estudio de producci\u00f3n ATEM&nbsp;4K 5 C\u00e1mara Blackmagic Studio (intercomunicador incorporado) 5 Blackmagic Studio Converter (intercomunicador incorporado) 1 puente de transmisi\u00f3n ATEM (intercomunicador incorporado) 1 Blackmagic URSA Broadcast G2 (intercomunicador incorporado) 1 Presentador BlackmagicWeb HD 1 mac pro Mimo en vivo &hellip; Continuar leyendo &quot;OBVAN&quot;\" \/>\n<meta property=\"og:url\" content=\"https:\/\/www.sulmedia.pt\/es\/obvan\/\" \/>\n<meta property=\"og:site_name\" content=\"Sul Media\" \/>\n<meta property=\"article:modified_time\" content=\"2023-04-25T19:44:49+00:00\" \/>\n<meta property=\"og:image\" content=\"https:\/\/www.sulmedia.pt\/wp-content\/uploads\/2020\/05\/fundos9.png\" \/>\n\t<meta property=\"og:image:width\" content=\"1920\" \/>\n\t<meta property=\"og:image:height\" content=\"1080\" \/>\n\t<meta property=\"og:image:type\" content=\"image\/png\" \/>\n<meta name=\"twitter:card\" content=\"summary_large_image\" \/>\n<meta name=\"twitter:label1\" content=\"Tiempo de lectura\" \/>\n\t<meta name=\"twitter:data1\" content=\"2 minutos\" \/>\n<script type=\"application\/ld+json\" class=\"yoast-schema-graph\">{\"@context\":\"https:\\\/\\\/schema.org\",\"@graph\":[{\"@type\":\"WebPage\",\"@id\":\"https:\\\/\\\/www.sulmedia.pt\\\/obvan\\\/\",\"url\":\"https:\\\/\\\/www.sulmedia.pt\\\/obvan\\\/\",\"name\":\"OBVAN\",\"isPartOf\":{\"@id\":\"https:\\\/\\\/www.sulmedia.pt\\\/#website\"},\"primaryImageOfPage\":{\"@id\":\"https:\\\/\\\/www.sulmedia.pt\\\/obvan\\\/#primaryimage\"},\"image\":{\"@id\":\"https:\\\/\\\/www.sulmedia.pt\\\/obvan\\\/#primaryimage\"},\"thumbnailUrl\":\"https:\\\/\\\/www.sulmedia.pt\\\/wp-content\\\/uploads\\\/2020\\\/05\\\/fundos9.png\",\"datePublished\":\"2020-05-06T02:27:42+00:00\",\"dateModified\":\"2023-04-25T19:44:49+00:00\",\"breadcrumb\":{\"@id\":\"https:\\\/\\\/www.sulmedia.pt\\\/obvan\\\/#breadcrumb\"},\"inLanguage\":\"Madrid\",\"potentialAction\":[{\"@type\":\"ReadAction\",\"target\":[\"https:\\\/\\\/www.sulmedia.pt\\\/obvan\\\/\"]}]},{\"@type\":\"ImageObject\",\"inLanguage\":\"Madrid\",\"@id\":\"https:\\\/\\\/www.sulmedia.pt\\\/obvan\\\/#primaryimage\",\"url\":\"https:\\\/\\\/www.sulmedia.pt\\\/wp-content\\\/uploads\\\/2020\\\/05\\\/fundos9.png\",\"contentUrl\":\"https:\\\/\\\/www.sulmedia.pt\\\/wp-content\\\/uploads\\\/2020\\\/05\\\/fundos9.png\",\"width\":1920,\"height\":1080},{\"@type\":\"BreadcrumbList\",\"@id\":\"https:\\\/\\\/www.sulmedia.pt\\\/obvan\\\/#breadcrumb\",\"itemListElement\":[{\"@type\":\"ListItem\",\"position\":1,\"name\":\"In\u00edcio\",\"item\":\"https:\\\/\\\/www.sulmedia.pt\\\/en\\\/\"},{\"@type\":\"ListItem\",\"position\":2,\"name\":\"OBVAN\"}]},{\"@type\":\"WebSite\",\"@id\":\"https:\\\/\\\/www.sulmedia.pt\\\/#website\",\"url\":\"https:\\\/\\\/www.sulmedia.pt\\\/\",\"name\":\"Sul Media\",\"description\":\"CAPTURA, EDI\u00c7\u00c3O E BROADCAST EM VIDEO DE ESPECT\u00c1CULOS E EVENTOS\",\"potentialAction\":[{\"@type\":\"SearchAction\",\"target\":{\"@type\":\"EntryPoint\",\"urlTemplate\":\"https:\\\/\\\/www.sulmedia.pt\\\/?s={search_term_string}\"},\"query-input\":{\"@type\":\"PropertyValueSpecification\",\"valueRequired\":true,\"valueName\":\"search_term_string\"}}],\"inLanguage\":\"Madrid\"}]}<\/script>\n<!-- \/ Yoast SEO plugin. -->","yoast_head_json":{"title":"OBVAN","robots":{"index":"index","follow":"follow","max-snippet":"max-snippet:-1","max-image-preview":"max-image-preview:large","max-video-preview":"max-video-preview:-1"},"canonical":"https:\/\/www.sulmedia.pt\/es\/obvan\/","og_locale":"es_ES","og_type":"article","og_title":"[:en]OBVAN[:pt]OBVAN[:zh]\u6b27\u51e1[:] - Sul Media","og_description":"Mercedes-Benz Sprinter equipado desde hace mucho tiempo con 1 ATEM 2 M\/E&nbsp;Constellation&nbsp;HD (intercomunicador integrado) 1 estudio de producci\u00f3n ATEM&nbsp;4K 5 C\u00e1mara Blackmagic Studio (intercomunicador incorporado) 5 Blackmagic Studio Converter (intercomunicador incorporado) 1 puente de transmisi\u00f3n ATEM (intercomunicador incorporado) 1 Blackmagic URSA Broadcast G2 (intercomunicador incorporado) 1 Presentador BlackmagicWeb HD 1 mac pro Mimo en vivo &hellip; Continuar leyendo \"OBVAN\"","og_url":"https:\/\/www.sulmedia.pt\/es\/obvan\/","og_site_name":"Sul Media","article_modified_time":"2023-04-25T19:44:49+00:00","og_image":[{"width":1920,"height":1080,"url":"https:\/\/www.sulmedia.pt\/wp-content\/uploads\/2020\/05\/fundos9.png","type":"image\/png"}],"twitter_card":"summary_large_image","twitter_misc":{"Tiempo de lectura":"2 minutos"},"schema":{"@context":"https:\/\/schema.org","@graph":[{"@type":"WebPage","@id":"https:\/\/www.sulmedia.pt\/obvan\/","url":"https:\/\/www.sulmedia.pt\/obvan\/","name":"OBVAN","isPartOf":{"@id":"https:\/\/www.sulmedia.pt\/#website"},"primaryImageOfPage":{"@id":"https:\/\/www.sulmedia.pt\/obvan\/#primaryimage"},"image":{"@id":"https:\/\/www.sulmedia.pt\/obvan\/#primaryimage"},"thumbnailUrl":"https:\/\/www.sulmedia.pt\/wp-content\/uploads\/2020\/05\/fundos9.png","datePublished":"2020-05-06T02:27:42+00:00","dateModified":"2023-04-25T19:44:49+00:00","breadcrumb":{"@id":"https:\/\/www.sulmedia.pt\/obvan\/#breadcrumb"},"inLanguage":"Madrid","potentialAction":[{"@type":"ReadAction","target":["https:\/\/www.sulmedia.pt\/obvan\/"]}]},{"@type":"ImageObject","inLanguage":"Madrid","@id":"https:\/\/www.sulmedia.pt\/obvan\/#primaryimage","url":"https:\/\/www.sulmedia.pt\/wp-content\/uploads\/2020\/05\/fundos9.png","contentUrl":"https:\/\/www.sulmedia.pt\/wp-content\/uploads\/2020\/05\/fundos9.png","width":1920,"height":1080},{"@type":"BreadcrumbList","@id":"https:\/\/www.sulmedia.pt\/obvan\/#breadcrumb","itemListElement":[{"@type":"ListItem","position":1,"name":"In\u00edcio","item":"https:\/\/www.sulmedia.pt\/en\/"},{"@type":"ListItem","position":2,"name":"OBVAN"}]},{"@type":"WebSite","@id":"https:\/\/www.sulmedia.pt\/#website","url":"https:\/\/www.sulmedia.pt\/","name":"Sul Media","description":"CAPTURA, EDI\u00c7\u00c3O E BROADCAST EM VIDEO DE ESPECT\u00c1CULOS E EVENTOS","potentialAction":[{"@type":"SearchAction","target":{"@type":"EntryPoint","urlTemplate":"https:\/\/www.sulmedia.pt\/?s={search_term_string}"},"query-input":{"@type":"PropertyValueSpecification","valueRequired":true,"valueName":"search_term_string"}}],"inLanguage":"Madrid"}]}},"_links":{"self":[{"href":"https:\/\/www.sulmedia.pt\/es\/wp-json\/wp\/v2\/pages\/240","targetHints":{"allow":["GET"]}}],"collection":[{"href":"https:\/\/www.sulmedia.pt\/es\/wp-json\/wp\/v2\/pages"}],"about":[{"href":"https:\/\/www.sulmedia.pt\/es\/wp-json\/wp\/v2\/types\/page"}],"author":[{"embeddable":true,"href":"https:\/\/www.sulmedia.pt\/es\/wp-json\/wp\/v2\/users\/1"}],"replies":[{"embeddable":true,"href":"https:\/\/www.sulmedia.pt\/es\/wp-json\/wp\/v2\/comments?post=240"}],"version-history":[{"count":24,"href":"https:\/\/www.sulmedia.pt\/es\/wp-json\/wp\/v2\/pages\/240\/revisions"}],"predecessor-version":[{"id":524,"href":"https:\/\/www.sulmedia.pt\/es\/wp-json\/wp\/v2\/pages\/240\/revisions\/524"}],"wp:featuredmedia":[{"embeddable":true,"href":"https:\/\/www.sulmedia.pt\/es\/wp-json\/wp\/v2\/media\/247"}],"wp:attachment":[{"href":"https:\/\/www.sulmedia.pt\/es\/wp-json\/wp\/v2\/media?parent=240"}],"curies":[{"name":"wp","href":"https:\/\/api.w.org\/{rel}","templated":true}]}}