{"id":238,"date":"2020-05-06T02:27:42","date_gmt":"2020-05-06T02:27:42","guid":{"rendered":"http:\/\/sulmedia.pt\/?page_id=238"},"modified":"2020-05-07T00:01:36","modified_gmt":"2020-05-07T00:01:36","slug":"servicos","status":"publish","type":"page","link":"https:\/\/www.sulmedia.pt\/en\/servicos\/","title":{"rendered":"services"},"content":{"rendered":"\n<p>Indoor and outdoor image and video capture, specialized professionals, recording, editing and post-production studio, Live Broadcast and consulting and support services.<\/p>\n\n\n\n<h3 class=\"has-text-align-center wp-block-heading\">&#8220;We provide advice and assistance to your Project&#8221;<\/h3>\n\n\n\n<p>Do you have an event that you want to cover in video or photo?<\/p>\n\n\n\n<p>a live or edited broadcast for deferred broadcast?<\/p>\n\n\n\n<p>Or even a studio recording? and looking for professionals with the right skills to provide high quality productions in all areas that translate into a product with all the technical and human requirements that add value to your event, we have what you need.<\/p>\n\n\n\n<p>We provide camera operators, equipment, services and production teams specialized in any style, format or genre of television.<\/p>\n\n\n\n<h2 class=\"wp-block-heading\">SulMedia will make your project happen with a professional touch to your project.<\/h2>\n","protected":false},"excerpt":{"rendered":"<p>Indoor and outdoor image and video capture, specialized professionals, recording, editing and post-production studio, Live Broadcast and consulting and support services. &#8220;We provide advice and assistance to your Project&#8221; Do you have an event that you want to cover in video or photo? a live or edited broadcast for deferred broadcast? Or even a studio &hellip; <\/p>\n<p class=\"link-more\"><a href=\"https:\/\/www.sulmedia.pt\/en\/servicos\/\" class=\"more-link\">Continue reading<span class=\"screen-reader-text\"> &#8220;services&#8221;<\/span><\/a><\/p>\n","protected":false},"author":1,"featured_media":247,"parent":0,"menu_order":0,"comment_status":"closed","ping_status":"closed","template":"","meta":{"footnotes":""},"class_list":["post-238","page","type-page","status-publish","has-post-thumbnail","hentry"],"yoast_head":"<!-- This site is optimized with the Yoast SEO plugin v27.3 - https:\/\/yoast.com\/product\/yoast-seo-wordpress\/ -->\n<title>services<\/title>\n<meta name=\"robots\" content=\"index, follow, max-snippet:-1, max-image-preview:large, max-video-preview:-1\" \/>\n<link rel=\"canonical\" href=\"https:\/\/www.sulmedia.pt\/en\/servicos\/\" \/>\n<meta property=\"og:locale\" content=\"en_US\" \/>\n<meta property=\"og:locale:alternate\" content=\"pt_PT\" \/>\n<meta property=\"og:locale:alternate\" content=\"Madrid\" \/>\n<meta property=\"og:locale:alternate\" content=\"Moscow\" \/>\n<meta property=\"og:locale:alternate\" content=\"Pequim\" \/>\n<meta property=\"og:locale:alternate\" content=\"Berlin\" \/>\n<meta property=\"og:type\" content=\"article\" \/>\n<meta property=\"og:title\" content=\"services\" \/>\n<meta property=\"og:description\" content=\"Indoor and outdoor image and video capture, specialized professionals, recording, editing and post-production studio, Live Broadcast and consulting and support services. &#8220;We provide advice and assistance to your Project&#8221; Do you have an event that you want to cover in video or photo? a live or edited broadcast for deferred broadcast? Or even a studio &hellip; Continue reading &quot;services&quot;\" \/>\n<meta property=\"og:url\" content=\"https:\/\/www.sulmedia.pt\/en\/servicos\/\" \/>\n<meta property=\"og:site_name\" content=\"Sul Media\" \/>\n<meta property=\"article:modified_time\" content=\"2020-05-07T00:01:36+00:00\" \/>\n<meta property=\"og:image\" content=\"https:\/\/www.sulmedia.pt\/wp-content\/uploads\/2020\/05\/fundos9.png\" \/>\n\t<meta property=\"og:image:width\" content=\"1920\" \/>\n\t<meta property=\"og:image:height\" content=\"1080\" \/>\n\t<meta property=\"og:image:type\" content=\"image\/png\" \/>\n<meta name=\"twitter:card\" content=\"summary_large_image\" \/>\n<meta name=\"twitter:label1\" content=\"Est. reading time\" \/>\n\t<meta name=\"twitter:data1\" content=\"3 minutes\" \/>\n<script type=\"application\/ld+json\" class=\"yoast-schema-graph\">{\"@context\":\"https:\\\/\\\/schema.org\",\"@graph\":[{\"@type\":\"WebPage\",\"@id\":\"https:\\\/\\\/www.sulmedia.pt\\\/servicos\\\/\",\"url\":\"https:\\\/\\\/www.sulmedia.pt\\\/servicos\\\/\",\"name\":\"services\",\"isPartOf\":{\"@id\":\"https:\\\/\\\/www.sulmedia.pt\\\/#website\"},\"primaryImageOfPage\":{\"@id\":\"https:\\\/\\\/www.sulmedia.pt\\\/servicos\\\/#primaryimage\"},\"image\":{\"@id\":\"https:\\\/\\\/www.sulmedia.pt\\\/servicos\\\/#primaryimage\"},\"thumbnailUrl\":\"https:\\\/\\\/www.sulmedia.pt\\\/wp-content\\\/uploads\\\/2020\\\/05\\\/fundos9.png\",\"datePublished\":\"2020-05-06T02:27:42+00:00\",\"dateModified\":\"2020-05-07T00:01:36+00:00\",\"breadcrumb\":{\"@id\":\"https:\\\/\\\/www.sulmedia.pt\\\/servicos\\\/#breadcrumb\"},\"inLanguage\":\"en-US\",\"potentialAction\":[{\"@type\":\"ReadAction\",\"target\":[\"https:\\\/\\\/www.sulmedia.pt\\\/servicos\\\/\"]}]},{\"@type\":\"ImageObject\",\"inLanguage\":\"en-US\",\"@id\":\"https:\\\/\\\/www.sulmedia.pt\\\/servicos\\\/#primaryimage\",\"url\":\"https:\\\/\\\/www.sulmedia.pt\\\/wp-content\\\/uploads\\\/2020\\\/05\\\/fundos9.png\",\"contentUrl\":\"https:\\\/\\\/www.sulmedia.pt\\\/wp-content\\\/uploads\\\/2020\\\/05\\\/fundos9.png\",\"width\":1920,\"height\":1080},{\"@type\":\"BreadcrumbList\",\"@id\":\"https:\\\/\\\/www.sulmedia.pt\\\/servicos\\\/#breadcrumb\",\"itemListElement\":[{\"@type\":\"ListItem\",\"position\":1,\"name\":\"In\u00edcio\",\"item\":\"https:\\\/\\\/www.sulmedia.pt\\\/en\\\/\"},{\"@type\":\"ListItem\",\"position\":2,\"name\":\"Servi\u00e7os\"}]},{\"@type\":\"WebSite\",\"@id\":\"https:\\\/\\\/www.sulmedia.pt\\\/#website\",\"url\":\"https:\\\/\\\/www.sulmedia.pt\\\/\",\"name\":\"Sul Media\",\"description\":\"CAPTURA, EDI\u00c7\u00c3O E BROADCAST EM VIDEO DE ESPECT\u00c1CULOS E EVENTOS\",\"potentialAction\":[{\"@type\":\"SearchAction\",\"target\":{\"@type\":\"EntryPoint\",\"urlTemplate\":\"https:\\\/\\\/www.sulmedia.pt\\\/?s={search_term_string}\"},\"query-input\":{\"@type\":\"PropertyValueSpecification\",\"valueRequired\":true,\"valueName\":\"search_term_string\"}}],\"inLanguage\":\"en-US\"}]}<\/script>\n<!-- \/ Yoast SEO plugin. -->","yoast_head_json":{"title":"services","robots":{"index":"index","follow":"follow","max-snippet":"max-snippet:-1","max-image-preview":"max-image-preview:large","max-video-preview":"max-video-preview:-1"},"canonical":"https:\/\/www.sulmedia.pt\/en\/servicos\/","og_locale":"en_US","og_type":"article","og_title":"[:en]services[:pt]Servi\u00e7os[:es]Nuestros servicios[:ru]\u041d\u0430\u0448\u0438 \u0443\u0441\u043b\u0443\u0433\u0438[:zh]\u6211\u4eec\u7684\u670d\u52a1[:de]Unsere Dienstleistungen[:] - Sul Media","og_description":"Indoor and outdoor image and video capture, specialized professionals, recording, editing and post-production studio, Live Broadcast and consulting and support services. &#8220;We provide advice and assistance to your Project&#8221; Do you have an event that you want to cover in video or photo? a live or edited broadcast for deferred broadcast? Or even a studio &hellip; Continue reading \"services\"","og_url":"https:\/\/www.sulmedia.pt\/en\/servicos\/","og_site_name":"Sul Media","article_modified_time":"2020-05-07T00:01:36+00:00","og_image":[{"width":1920,"height":1080,"url":"https:\/\/www.sulmedia.pt\/wp-content\/uploads\/2020\/05\/fundos9.png","type":"image\/png"}],"twitter_card":"summary_large_image","twitter_misc":{"Est. reading time":"3 minutes"},"schema":{"@context":"https:\/\/schema.org","@graph":[{"@type":"WebPage","@id":"https:\/\/www.sulmedia.pt\/servicos\/","url":"https:\/\/www.sulmedia.pt\/servicos\/","name":"services","isPartOf":{"@id":"https:\/\/www.sulmedia.pt\/#website"},"primaryImageOfPage":{"@id":"https:\/\/www.sulmedia.pt\/servicos\/#primaryimage"},"image":{"@id":"https:\/\/www.sulmedia.pt\/servicos\/#primaryimage"},"thumbnailUrl":"https:\/\/www.sulmedia.pt\/wp-content\/uploads\/2020\/05\/fundos9.png","datePublished":"2020-05-06T02:27:42+00:00","dateModified":"2020-05-07T00:01:36+00:00","breadcrumb":{"@id":"https:\/\/www.sulmedia.pt\/servicos\/#breadcrumb"},"inLanguage":"en-US","potentialAction":[{"@type":"ReadAction","target":["https:\/\/www.sulmedia.pt\/servicos\/"]}]},{"@type":"ImageObject","inLanguage":"en-US","@id":"https:\/\/www.sulmedia.pt\/servicos\/#primaryimage","url":"https:\/\/www.sulmedia.pt\/wp-content\/uploads\/2020\/05\/fundos9.png","contentUrl":"https:\/\/www.sulmedia.pt\/wp-content\/uploads\/2020\/05\/fundos9.png","width":1920,"height":1080},{"@type":"BreadcrumbList","@id":"https:\/\/www.sulmedia.pt\/servicos\/#breadcrumb","itemListElement":[{"@type":"ListItem","position":1,"name":"In\u00edcio","item":"https:\/\/www.sulmedia.pt\/en\/"},{"@type":"ListItem","position":2,"name":"Servi\u00e7os"}]},{"@type":"WebSite","@id":"https:\/\/www.sulmedia.pt\/#website","url":"https:\/\/www.sulmedia.pt\/","name":"Sul Media","description":"CAPTURA, EDI\u00c7\u00c3O E BROADCAST EM VIDEO DE ESPECT\u00c1CULOS E EVENTOS","potentialAction":[{"@type":"SearchAction","target":{"@type":"EntryPoint","urlTemplate":"https:\/\/www.sulmedia.pt\/?s={search_term_string}"},"query-input":{"@type":"PropertyValueSpecification","valueRequired":true,"valueName":"search_term_string"}}],"inLanguage":"en-US"}]}},"_links":{"self":[{"href":"https:\/\/www.sulmedia.pt\/en\/wp-json\/wp\/v2\/pages\/238","targetHints":{"allow":["GET"]}}],"collection":[{"href":"https:\/\/www.sulmedia.pt\/en\/wp-json\/wp\/v2\/pages"}],"about":[{"href":"https:\/\/www.sulmedia.pt\/en\/wp-json\/wp\/v2\/types\/page"}],"author":[{"embeddable":true,"href":"https:\/\/www.sulmedia.pt\/en\/wp-json\/wp\/v2\/users\/1"}],"replies":[{"embeddable":true,"href":"https:\/\/www.sulmedia.pt\/en\/wp-json\/wp\/v2\/comments?post=238"}],"version-history":[{"count":13,"href":"https:\/\/www.sulmedia.pt\/en\/wp-json\/wp\/v2\/pages\/238\/revisions"}],"predecessor-version":[{"id":381,"href":"https:\/\/www.sulmedia.pt\/en\/wp-json\/wp\/v2\/pages\/238\/revisions\/381"}],"wp:featuredmedia":[{"embeddable":true,"href":"https:\/\/www.sulmedia.pt\/en\/wp-json\/wp\/v2\/media\/247"}],"wp:attachment":[{"href":"https:\/\/www.sulmedia.pt\/en\/wp-json\/wp\/v2\/media?parent=238"}],"curies":[{"name":"wp","href":"https:\/\/api.w.org\/{rel}","templated":true}]}}