{"id":106,"date":"2020-05-06T00:49:49","date_gmt":"2020-05-06T00:49:49","guid":{"rendered":"http:\/\/sulmedia.pt\/?page_id=106"},"modified":"2020-05-07T00:02:22","modified_gmt":"2020-05-07T00:02:22","slug":"home","status":"publish","type":"page","link":"https:\/\/www.sulmedia.pt\/de\/","title":{"rendered":"Sul Media"},"content":{"rendered":"\n<h4 class=\"wp-block-heading\">Capture, Video-Broadcast-Ausgabe von Shows, Veranstaltungen, Konferenzen, Journalismus.<\/h4>\n\n\n\n<p><strong>Sul Media <\/strong>ist ein auf Video und Broadcast spezialisiertes Unternehmen, das agile und effiziente L\u00f6sungen in allen Bereichen der Erfassung, Bearbeitung und \u00dcbertragung von Live-Events bietet.<\/p>\n","protected":false},"excerpt":{"rendered":"<p>Capture, Video-Broadcast-Ausgabe von Shows, Veranstaltungen, Konferenzen, Journalismus. Sul Media ist ein auf Video und Broadcast spezialisiertes Unternehmen, das agile und effiziente L\u00f6sungen in allen Bereichen der Erfassung, Bearbeitung und \u00dcbertragung von Live-Events bietet.<\/p>\n","protected":false},"author":1,"featured_media":0,"parent":0,"menu_order":0,"comment_status":"closed","ping_status":"closed","template":"","meta":{"footnotes":""},"class_list":["post-106","page","type-page","status-publish","hentry"],"yoast_head":"<!-- This site is optimized with the Yoast SEO plugin v27.3 - https:\/\/yoast.com\/product\/yoast-seo-wordpress\/ -->\n<title>Sul Media<\/title>\n<meta name=\"robots\" content=\"index, follow, max-snippet:-1, max-image-preview:large, max-video-preview:-1\" \/>\n<link rel=\"canonical\" href=\"https:\/\/www.sulmedia.pt\/de\/\" \/>\n<meta property=\"og:locale\" content=\"de_DE\" \/>\n<meta property=\"og:locale:alternate\" content=\"en_US\" \/>\n<meta property=\"og:locale:alternate\" content=\"pt_PT\" \/>\n<meta property=\"og:locale:alternate\" content=\"Madrid\" \/>\n<meta property=\"og:locale:alternate\" content=\"Moscow\" \/>\n<meta property=\"og:locale:alternate\" content=\"Pequim\" \/>\n<meta property=\"og:type\" content=\"article\" \/>\n<meta property=\"og:title\" content=\"Sul Media\" \/>\n<meta property=\"og:description\" content=\"Capture, Video-Broadcast-Ausgabe von Shows, Veranstaltungen, Konferenzen, Journalismus. Sul Media ist ein auf Video und Broadcast spezialisiertes Unternehmen, das agile und effiziente L\u00f6sungen in allen Bereichen der Erfassung, Bearbeitung und \u00dcbertragung von Live-Events bietet.\" \/>\n<meta property=\"og:url\" content=\"https:\/\/www.sulmedia.pt\/de\/\" \/>\n<meta property=\"og:site_name\" content=\"Sul Media\" \/>\n<meta property=\"article:modified_time\" content=\"2020-05-07T00:02:22+00:00\" \/>\n<meta name=\"twitter:card\" content=\"summary_large_image\" \/>\n<meta name=\"twitter:label1\" content=\"Gesch\u00e4tzte Lesezeit\" \/>\n\t<meta name=\"twitter:data1\" content=\"1\u00a0Minute\" \/>\n<script type=\"application\/ld+json\" class=\"yoast-schema-graph\">{\"@context\":\"https:\\\/\\\/schema.org\",\"@graph\":[{\"@type\":\"WebPage\",\"@id\":\"https:\\\/\\\/www.sulmedia.pt\\\/en\\\/\",\"url\":\"https:\\\/\\\/www.sulmedia.pt\\\/en\\\/\",\"name\":\"Sul Media\",\"isPartOf\":{\"@id\":\"https:\\\/\\\/www.sulmedia.pt\\\/#website\"},\"datePublished\":\"2020-05-06T00:49:49+00:00\",\"dateModified\":\"2020-05-07T00:02:22+00:00\",\"breadcrumb\":{\"@id\":\"https:\\\/\\\/www.sulmedia.pt\\\/en\\\/#breadcrumb\"},\"inLanguage\":\"Berlin\",\"potentialAction\":[{\"@type\":\"ReadAction\",\"target\":[\"https:\\\/\\\/www.sulmedia.pt\\\/en\\\/\"]}]},{\"@type\":\"BreadcrumbList\",\"@id\":\"https:\\\/\\\/www.sulmedia.pt\\\/en\\\/#breadcrumb\",\"itemListElement\":[{\"@type\":\"ListItem\",\"position\":1,\"name\":\"In\u00edcio\",\"item\":\"https:\\\/\\\/www.sulmedia.pt\\\/en\\\/\"},{\"@type\":\"ListItem\",\"position\":2,\"name\":\"Sul Media\"}]},{\"@type\":\"WebSite\",\"@id\":\"https:\\\/\\\/www.sulmedia.pt\\\/#website\",\"url\":\"https:\\\/\\\/www.sulmedia.pt\\\/\",\"name\":\"Sul Media\",\"description\":\"CAPTURA, EDI\u00c7\u00c3O E BROADCAST EM VIDEO DE ESPECT\u00c1CULOS E EVENTOS\",\"potentialAction\":[{\"@type\":\"SearchAction\",\"target\":{\"@type\":\"EntryPoint\",\"urlTemplate\":\"https:\\\/\\\/www.sulmedia.pt\\\/?s={search_term_string}\"},\"query-input\":{\"@type\":\"PropertyValueSpecification\",\"valueRequired\":true,\"valueName\":\"search_term_string\"}}],\"inLanguage\":\"Berlin\"}]}<\/script>\n<!-- \/ Yoast SEO plugin. -->","yoast_head_json":{"title":"Sul Media","robots":{"index":"index","follow":"follow","max-snippet":"max-snippet:-1","max-image-preview":"max-image-preview:large","max-video-preview":"max-video-preview:-1"},"canonical":"https:\/\/www.sulmedia.pt\/de\/","og_locale":"de_DE","og_type":"article","og_title":"[:en]Sul Media[:pt]Sul Media[:ru]Sul Media[:zh]Sul Media[:] - Sul Media","og_description":"Capture, Video-Broadcast-Ausgabe von Shows, Veranstaltungen, Konferenzen, Journalismus. Sul Media ist ein auf Video und Broadcast spezialisiertes Unternehmen, das agile und effiziente L\u00f6sungen in allen Bereichen der Erfassung, Bearbeitung und \u00dcbertragung von Live-Events bietet.","og_url":"https:\/\/www.sulmedia.pt\/de\/","og_site_name":"Sul Media","article_modified_time":"2020-05-07T00:02:22+00:00","twitter_card":"summary_large_image","twitter_misc":{"Gesch\u00e4tzte Lesezeit":"1\u00a0Minute"},"schema":{"@context":"https:\/\/schema.org","@graph":[{"@type":"WebPage","@id":"https:\/\/www.sulmedia.pt\/en\/","url":"https:\/\/www.sulmedia.pt\/en\/","name":"Sul Media","isPartOf":{"@id":"https:\/\/www.sulmedia.pt\/#website"},"datePublished":"2020-05-06T00:49:49+00:00","dateModified":"2020-05-07T00:02:22+00:00","breadcrumb":{"@id":"https:\/\/www.sulmedia.pt\/en\/#breadcrumb"},"inLanguage":"Berlin","potentialAction":[{"@type":"ReadAction","target":["https:\/\/www.sulmedia.pt\/en\/"]}]},{"@type":"BreadcrumbList","@id":"https:\/\/www.sulmedia.pt\/en\/#breadcrumb","itemListElement":[{"@type":"ListItem","position":1,"name":"In\u00edcio","item":"https:\/\/www.sulmedia.pt\/en\/"},{"@type":"ListItem","position":2,"name":"Sul Media"}]},{"@type":"WebSite","@id":"https:\/\/www.sulmedia.pt\/#website","url":"https:\/\/www.sulmedia.pt\/","name":"Sul Media","description":"CAPTURA, EDI\u00c7\u00c3O E BROADCAST EM VIDEO DE ESPECT\u00c1CULOS E EVENTOS","potentialAction":[{"@type":"SearchAction","target":{"@type":"EntryPoint","urlTemplate":"https:\/\/www.sulmedia.pt\/?s={search_term_string}"},"query-input":{"@type":"PropertyValueSpecification","valueRequired":true,"valueName":"search_term_string"}}],"inLanguage":"Berlin"}]}},"_links":{"self":[{"href":"https:\/\/www.sulmedia.pt\/de\/wp-json\/wp\/v2\/pages\/106","targetHints":{"allow":["GET"]}}],"collection":[{"href":"https:\/\/www.sulmedia.pt\/de\/wp-json\/wp\/v2\/pages"}],"about":[{"href":"https:\/\/www.sulmedia.pt\/de\/wp-json\/wp\/v2\/types\/page"}],"author":[{"embeddable":true,"href":"https:\/\/www.sulmedia.pt\/de\/wp-json\/wp\/v2\/users\/1"}],"replies":[{"embeddable":true,"href":"https:\/\/www.sulmedia.pt\/de\/wp-json\/wp\/v2\/comments?post=106"}],"version-history":[{"count":30,"href":"https:\/\/www.sulmedia.pt\/de\/wp-json\/wp\/v2\/pages\/106\/revisions"}],"predecessor-version":[{"id":382,"href":"https:\/\/www.sulmedia.pt\/de\/wp-json\/wp\/v2\/pages\/106\/revisions\/382"}],"wp:attachment":[{"href":"https:\/\/www.sulmedia.pt\/de\/wp-json\/wp\/v2\/media?parent=106"}],"curies":[{"name":"wp","href":"https:\/\/api.w.org\/{rel}","templated":true}]}}